{"id":1360,"date":"2026-03-05T23:17:38","date_gmt":"2026-03-05T23:17:38","guid":{"rendered":"https:\/\/pickplace-rtjzvn2oa4.live-website.com\/?page_id=1360"},"modified":"2026-03-05T23:17:40","modified_gmt":"2026-03-05T23:17:40","slug":"minimum-viable-products","status":"publish","type":"page","link":"https:\/\/www.pickplace.de\/de\/minimum-viable-products\/","title":{"rendered":"Minimum Viable Products"},"content":{"rendered":"<div class=\"wp-block-stackable-columns alignfull stk-block-columns stk-block stk-7e7d25a stk-block-background stk--has-background-overlay\" data-block-id=\"7e7d25a\"><style>.stk-7e7d25a {background-image:url(https:\/\/pickplace-rtjzvn2oa4.live-website.com\/wp-content\/uploads\/2026\/03\/circuit-board-close-up-with-different-components-2000.jpg) !important;min-height:400px !important;align-items:center !important;padding-top:var(--stk--preset--spacing--70, 3.38rem) !important;padding-right:var(--stk--preset--spacing--70, 3.38rem) !important;padding-bottom:var(--stk--preset--spacing--70, 3.38rem) !important;padding-left:var(--stk--preset--spacing--70, 3.38rem) !important;margin-bottom:0px !important;display:flex !important;}.stk-7e7d25a:before{background-color:#000000 !important;opacity:0.5 !important;}<\/style><div class=\"stk-row stk-inner-blocks stk-block-content stk-content-align stk-7e7d25a-column alignwide\">\n<div class=\"wp-block-stackable-column stk-block-column stk-column stk-block stk-5bb4270\" data-v=\"4\" data-block-id=\"5bb4270\"><div class=\"stk-column-wrapper stk-block-column__content stk-container stk-5bb4270-container stk--no-background stk--no-padding\"><div class=\"stk-block-content stk-inner-blocks stk-5bb4270-inner-blocks\">\n<div class=\"wp-block-stackable-heading stk-block-heading stk-block-heading--v2 stk-block stk-ecf6e82\" id=\"heading-placeholder\" data-block-id=\"ecf6e82\"><style>.stk-ecf6e82 .stk-block-heading__text{color:#ffffff !important;}<\/style><h1 class=\"stk-block-heading__text has-text-color\">Minimum Viable Products<\/h1><\/div>\n\n\n\n<div class=\"wp-block-stackable-text stk-block-text stk-block stk-11a016a\" data-block-id=\"11a016a\"><style>.stk-11a016a .stk-block-text__text{color:#ffffff !important;}<\/style><p class=\"stk-block-text__text has-text-color\">MVPs im Bereich von High-Tech Elektronik m&#xFC;ssen deutlich mehr Herausforderungen annehmen k&#xF6;nnen und Anforderungen erf&#xFC;llen als solche von Endkundenprodukten oder Apps.&#xA0; Denn: anders als im Consumer-Bereich ist im High-Tech-Kontext immer relevant, welche Normen ein Produkt zu erf&#xFC;llen hat.&#xA0;<\/p><\/div>\n<\/div><\/div><\/div>\n<\/div><\/div>\n\n\n\n<div class=\"wp-block-stackable-spacer stk-block-spacer stk--no-padding stk-block stk-37c43ae\" data-block-id=\"37c43ae\"><style>.stk-37c43ae {height:150px !important;}<\/style><\/div>\n\n\n\n<div class=\"wp-block-stackable-columns stk-block-columns stk-block stk-2ef8d74\" data-block-id=\"2ef8d74\"><style>.stk-2ef8d74 .stk--block-align-2ef8d74{align-items:center !important;}.stk-2ef8d74 {margin-bottom:0px !important;}.stk-2ef8d74-column{--stk-column-gap:70px !important;row-gap:50px !important;}<\/style><div class=\"stk-row stk-inner-blocks stk--block-align-2ef8d74 stk-block-content stk-content-align stk-2ef8d74-column\">\n<div class=\"wp-block-stackable-column stk-block-column stk-column stk-block stk-b3ddcb3\" data-v=\"4\" data-block-id=\"b3ddcb3\"><style>.stk-b3ddcb3-container{margin-top:0px !important;margin-right:0px !important;margin-bottom:0px !important;margin-left:0px !important;}<\/style><div class=\"stk-column-wrapper stk-block-column__content stk-container stk-b3ddcb3-container stk--no-background stk--no-padding\"><div class=\"has-text-align-center-mobile stk-block-content stk-inner-blocks stk-b3ddcb3-inner-blocks\">\n<div class=\"wp-block-stackable-spacer stk-block-spacer stk--no-padding stk-block stk-2fbd800 stk-block-background stk--has-background-overlay\" data-block-id=\"2fbd800\"><style>.stk-2fbd800 {height:400px !important;background-image:url(https:\/\/pickplace-rtjzvn2oa4.live-website.com\/wp-content\/uploads\/2026\/02\/bg-box-electronic-prototype-2000-3.jpg) !important;border-top-left-radius:var(--stk--preset--border-radius--xx-large, 32px) !important;border-top-right-radius:var(--stk--preset--border-radius--xx-large, 32px) !important;border-bottom-right-radius:var(--stk--preset--border-radius--xx-large, 32px) !important;border-bottom-left-radius:var(--stk--preset--border-radius--xx-large, 32px) !important;overflow:hidden !important;}<\/style><\/div>\n<\/div><\/div><\/div>\n\n\n\n<div class=\"wp-block-stackable-column stk-block-column stk-column stk-block stk-425a78d\" data-v=\"4\" data-block-id=\"425a78d\"><style>.stk-425a78d-container{margin-top:0px !important;margin-right:0px !important;margin-bottom:0px !important;margin-left:0px !important;}@media screen and (max-width:999px){.stk-425a78d-container{padding-left:0px !important;}}@media screen and (max-width:689px){.stk-425a78d-container{padding-left:0px !important;}}<\/style><div class=\"stk-column-wrapper stk-block-column__content stk-container stk-425a78d-container stk--no-background stk--no-padding\"><div class=\"has-text-align-center-mobile stk-block-content stk-inner-blocks stk-425a78d-inner-blocks\">\n<div class=\"wp-block-stackable-heading stk-block-heading stk-block-heading--v2 stk-block stk-cab0231\" id=\"elektronische-mv-ps\" data-block-id=\"cab0231\"><style>.stk-cab0231 {margin-bottom:8px !important;}.stk-cab0231 .stk-block-heading__text{line-height:1.5em !important;font-weight:800 !important;}@media screen and (max-width:999px){.stk-cab0231 .stk-block-heading__text{font-size:30px !important;}}@media screen and (max-width:689px){.stk-cab0231 .stk-block-heading__text{font-size:25px !important;}}<\/style><h2 class=\"stk-block-heading__text\">Elektronische MVPs<\/h2><\/div>\n\n\n\n<div class=\"wp-block-stackable-text stk-block-text stk-block stk-15dcdba\" data-block-id=\"15dcdba\"><style>.stk-15dcdba {margin-bottom:8px !important;}@media screen and (max-width:689px){.stk-15dcdba {margin-bottom:35px !important;}}<\/style><p class=\"stk-block-text__text\">Es reicht nicht aus, nur die Funktionsf&#xE4;higkeit von MVPs in den Vorderung zu stellen.&#xA0; Diese ist zwar nicht selten essentieller Teil der Gleichung. Im Bereich von hochregulierten Systemen wie der Bahn-, Automobil- oder Verteidigungsindustrie m&#xFC;ssen Embedded Systems insbesondere den hintergr&#xFC;ndig wirkenden Anforderungen nach Safety, Security und Longevity standhalten.<\/p><\/div>\n\n\n\n<div class=\"wp-block-stackable-text stk-block-text stk-block stk-9c9d9f3\" data-block-id=\"9c9d9f3\"><p class=\"stk-block-text__text\">Einer der ersten Schritte auf der Innovation Journey ist die Validierung der Idee. Die Frage nach dem Kontext ist in regulierten Dom&#xE4;nen aber immer die, die gleich folgt. Das mag zun&#xE4;chst unbedeutend erscheinen, aber genau dieses &#x201E;kopf&#xFC;ber in die Entwicklung st&#xFC;rzen&#x201C; ist einer der Kardinalsfehler in der MVP-Gestaltung von bspw. sicheren Spannungsversorgungen, Signaltechnik f&#xFC;r die Bahn, Industrie-4.0-Hardware oder Kfz-Steuerger&#xE4;ten.<\/p><\/div>\n\n\n\n<div class=\"wp-block-stackable-text stk-block-text stk-block stk-aea5920\" data-block-id=\"aea5920\"><p class=\"stk-block-text__text\">MVP-Elektronik kann im unternehmerischen Kontext folgende Funktionen erf&#xFC;llen:<\/p><\/div>\n\n\n\n<div class=\"wp-block-stackable-icon-list stk-block-icon-list has-text-color stk-block stk-7be197c\" data-block-id=\"7be197c\"><style>.stk-7be197c {--stk-icon-list-column-count:3 !important;--stk-icon-list-row-gap:12px !important;}.stk-7be197c ul li, .stk-7be197c ol li, .stk-7be197c ul li span, .stk-7be197c ol li span{color:var(--theme-palette-color-8, #0F7173) !important;}<\/style><svg style=\"display:none\"><defs><g id=\"stk-icon-list__icon-svg-def-7be197c\"><svg xmlns=\"http:\/\/www.w3.org\/2000\/svg\" viewbox=\"0 0 512 512\"><path d=\"M470.6 278.6c12.5-12.5 12.5-32.8 0-45.3l-160-160c-12.5-12.5-32.8-12.5-45.3 0s-12.5 32.8 0 45.3L402.7 256 265.4 393.4c-12.5 12.5-12.5 32.8 0 45.3s32.8 12.5 45.3 0l160-160zm-352 160l160-160c12.5-12.5 12.5-32.8 0-45.3l-160-160c-12.5-12.5-32.8-12.5-45.3 0s-12.5 32.8 0 45.3L210.7 256 73.4 393.4c-12.5 12.5-12.5 32.8 0 45.3s32.8 12.5 45.3 0z\"><\/path><\/svg><\/g><\/defs><\/svg><ul class=\"stk-block-icon-list__ul stk-block-icon-list--column\">\n<li class=\"wp-block-stackable-icon-list-item stk-block-icon-list-item stk-block stk-927169d\" data-block-id=\"927169d\"><div class=\"stk-block-icon-list-item__content\"><span class=\"stk--svg-wrapper\"><div class=\"stk--inner-svg\"><svg aria-hidden=\"true\" width=\"32\" height=\"32\"><use xlink:href=\"#stk-icon-list__icon-svg-def-7be197c\"><\/use><\/svg><\/div><\/span><span class=\"stk-block-icon-list-item__text\">Entwicklungs- und DevBoards<\/span><\/div><\/li>\n\n\n\n<li class=\"wp-block-stackable-icon-list-item stk-block-icon-list-item stk-block stk-e179208\" data-block-id=\"e179208\"><div class=\"stk-block-icon-list-item__content\"><span class=\"stk--svg-wrapper\"><div class=\"stk--inner-svg\"><svg aria-hidden=\"true\" width=\"32\" height=\"32\"><use xlink:href=\"#stk-icon-list__icon-svg-def-7be197c\"><\/use><\/svg><\/div><\/span><span class=\"stk-block-icon-list-item__text\">Messe- und Kunden-Demonstratoren<\/span><\/div><\/li>\n\n\n\n<li class=\"wp-block-stackable-icon-list-item stk-block-icon-list-item stk-block stk-a7d2588\" data-block-id=\"a7d2588\"><div class=\"stk-block-icon-list-item__content\"><span class=\"stk--svg-wrapper\"><div class=\"stk--inner-svg\"><svg aria-hidden=\"true\" width=\"32\" height=\"32\"><use xlink:href=\"#stk-icon-list__icon-svg-def-7be197c\"><\/use><\/svg><\/div><\/span><span class=\"stk-block-icon-list-item__text\">Erprobungsger&#xE4;te<\/span><\/div><\/li>\n\n\n\n<li class=\"wp-block-stackable-icon-list-item stk-block-icon-list-item stk-block stk-d18a574\" data-block-id=\"d18a574\"><div class=\"stk-block-icon-list-item__content\"><span class=\"stk--svg-wrapper\"><div class=\"stk--inner-svg\"><svg aria-hidden=\"true\" width=\"32\" height=\"32\"><use xlink:href=\"#stk-icon-list__icon-svg-def-7be197c\"><\/use><\/svg><\/div><\/span><span class=\"stk-block-icon-list-item__text\">Konzeptstudien<\/span><\/div><\/li>\n\n\n\n<li class=\"wp-block-stackable-icon-list-item stk-block-icon-list-item stk-block stk-645f3ea\" data-block-id=\"645f3ea\"><div class=\"stk-block-icon-list-item__content\"><span class=\"stk--svg-wrapper\"><div class=\"stk--inner-svg\"><svg aria-hidden=\"true\" width=\"32\" height=\"32\"><use xlink:href=\"#stk-icon-list__icon-svg-def-7be197c\"><\/use><\/svg><\/div><\/span><span class=\"stk-block-icon-list-item__text\">Datenlogger<\/span><\/div><\/li>\n\n\n\n<li class=\"wp-block-stackable-icon-list-item stk-block-icon-list-item stk-block stk-f3aca04\" data-block-id=\"f3aca04\"><div class=\"stk-block-icon-list-item__content\"><span class=\"stk--svg-wrapper\"><div class=\"stk--inner-svg\"><svg aria-hidden=\"true\" width=\"32\" height=\"32\"><use xlink:href=\"#stk-icon-list__icon-svg-def-7be197c\"><\/use><\/svg><\/div><\/span><span class=\"stk-block-icon-list-item__text\">Plattform-Projekte<\/span><\/div><\/li>\n<\/ul><\/div>\n<\/div><\/div><\/div>\n<\/div><\/div>\n\n\n\n<div class=\"wp-block-stackable-spacer stk-block-spacer stk--no-padding stk-block stk-62e0b6b\" data-block-id=\"62e0b6b\"><style>.stk-62e0b6b {height:150px !important;}<\/style><\/div>\n\n\n\n<div class=\"wp-block-stackable-columns alignfull stk-block-columns stk-block stk-4ade7be stk-block-background stk--has-background-overlay\" data-block-id=\"4ade7be\"><style>.stk-4ade7be .stk--block-align-4ade7be{align-items:center !important;}.stk-4ade7be {background-image:url(https:\/\/pickplace-rtjzvn2oa4.live-website.com\/wp-content\/uploads\/2026\/02\/platine-pcb-design-stecker-emv-bg-1200-rotated.jpg) !important;min-height:400px !important;align-items:center !important;padding-top:var(--stk--preset--spacing--70, 3.38rem) !important;padding-right:var(--stk--preset--spacing--70, 3.38rem) !important;padding-bottom:var(--stk--preset--spacing--70, 3.38rem) !important;padding-left:var(--stk--preset--spacing--70, 3.38rem) !important;margin-bottom:0px !important;display:flex !important;}.stk-4ade7be:before{background-color:#000000 !important;opacity:0.5 !important;}<\/style><div class=\"stk-row stk-inner-blocks stk--block-align-4ade7be stk-block-content stk-content-align stk-4ade7be-column alignwide\">\n<div class=\"wp-block-stackable-column stk-block-column stk-column stk-block stk-ad09fbb\" data-v=\"4\" data-block-id=\"ad09fbb\"><style>@media screen and (min-width:690px){.stk-ad09fbb {flex:var(--stk-flex-grow, 1) 1 calc(40.099999999999994% - var(--stk-column-gap, 0px) * 1 \/ 2 ) !important;}}<\/style><div class=\"stk-column-wrapper stk-block-column__content stk-container stk-ad09fbb-container stk--no-background stk--no-padding\"><div class=\"stk-block-content stk-inner-blocks stk-ad09fbb-inner-blocks\">\n<div class=\"wp-block-stackable-heading stk-block-heading stk-block-heading--v2 stk-block stk-3bbd84d\" id=\"heading-placeholder\" data-block-id=\"3bbd84d\"><style>.stk-3bbd84d .stk-block-heading__text{color:#ffffff !important;}<\/style><h2 class=\"stk-block-heading__text has-text-color\">MVP Best Practices<\/h2><\/div>\n\n\n\n<div class=\"wp-block-stackable-text stk-block-text stk-block stk-657fac7\" data-block-id=\"657fac7\"><style>.stk-657fac7 {margin-bottom:11px !important;}.stk-657fac7 .stk-block-text__text{color:#ffffff !important;}<\/style><p class=\"stk-block-text__text has-text-color\">Im MVP-Kontext von Embedded Systems geht es nicht darum, sofort eine vollst&#xE4;ndige Serienhardware zu entwickeln. Stattdessen werden gezielt einfache Hardware- und Softwareartefakte aufgebaut, mit denen sich Funktionen demonstrieren, Schnittstellen testen und Integrationsrisiken fr&#xFC;h erkennen lassen. Typische Praktiken sind:<\/p><\/div>\n\n\n\n<p><\/p>\n\n\n\n<ul class=\"wp-block-list\">\n<li>\n<\/ul>\n\n\n\n<p><\/p>\n<\/div><\/div><\/div>\n\n\n\n<div class=\"wp-block-stackable-column stk-block-column stk-column stk-block stk-349fd2d\" data-v=\"4\" data-block-id=\"349fd2d\"><style>@media screen and (min-width:690px){.stk-349fd2d {flex:var(--stk-flex-grow, 1) 1 calc(59.9% - var(--stk-column-gap, 0px) * 1 \/ 2 ) !important;}}<\/style><div class=\"stk-column-wrapper stk-block-column__content stk-container stk-349fd2d-container stk--no-background stk--no-padding\"><div class=\"stk-block-content stk-inner-blocks stk-349fd2d-inner-blocks\">\n<div class=\"wp-block-stackable-text stk-block-text stk-block stk-08ce11d\" data-block-id=\"08ce11d\"><style>.stk-08ce11d {margin-bottom:10px !important;}<\/style><p class=\"stk-block-text__text\"><span style=\"color: #fefefe;\" class=\"stk-highlight\">Wir nutzen oder entwickeln gezielt<\/span><\/p><\/div>\n\n\n\n<div class=\"wp-block-stackable-icon-list stk-block-icon-list has-text-color stk-block stk-5483e81\" data-block-id=\"5483e81\"><style>.stk-5483e81 {--stk-icon-list-column-count:2 !important;--stk-icon-list-marker-color:var(--theme-palette-color-6, #f9fafb) !important;}.stk-5483e81 ul li, .stk-5483e81 ol li, .stk-5483e81 ul li span, .stk-5483e81 ol li span{color:var(--theme-palette-color-6, #f9fafb) !important;font-weight:bold !important;}<\/style><svg style=\"display:none\"><defs><g id=\"stk-icon-list__icon-svg-def-5483e81\"><svg xmlns=\"http:\/\/www.w3.org\/2000\/svg\" viewbox=\"0 0 190 190\"><polygon points=\"173.8,28.4 60.4,141.8 15.7,97.2 5.1,107.8 60.4,163 184.4,39 173.8,28.4\"><\/polygon><\/svg><\/g><\/defs><\/svg><ul class=\"stk-block-icon-list__ul stk-block-icon-list--column\">\n<li class=\"wp-block-stackable-icon-list-item stk-block-icon-list-item stk-block stk-5124f04\" data-block-id=\"5124f04\"><div class=\"stk-block-icon-list-item__content\"><span class=\"stk--svg-wrapper\"><div class=\"stk--inner-svg\"><svg aria-hidden=\"true\" width=\"32\" height=\"32\"><use xlink:href=\"#stk-icon-list__icon-svg-def-5483e81\"><\/use><\/svg><\/div><\/span><span class=\"stk-block-icon-list-item__text\">Breakout Boards<\/span><\/div><\/li>\n\n\n\n<li class=\"wp-block-stackable-icon-list-item stk-block-icon-list-item stk-block stk-3673e69\" data-block-id=\"3673e69\"><div class=\"stk-block-icon-list-item__content\"><span class=\"stk--svg-wrapper\"><div class=\"stk--inner-svg\"><svg aria-hidden=\"true\" width=\"32\" height=\"32\"><use xlink:href=\"#stk-icon-list__icon-svg-def-5483e81\"><\/use><\/svg><\/div><\/span><span class=\"stk-block-icon-list-item__text\">Eval Boards<\/span><\/div><\/li>\n\n\n\n<li class=\"wp-block-stackable-icon-list-item stk-block-icon-list-item stk-block stk-516053c\" data-block-id=\"516053c\"><div class=\"stk-block-icon-list-item__content\"><span class=\"stk--svg-wrapper\"><div class=\"stk--inner-svg\"><svg aria-hidden=\"true\" width=\"32\" height=\"32\"><use xlink:href=\"#stk-icon-list__icon-svg-def-5483e81\"><\/use><\/svg><\/div><\/span><span class=\"stk-block-icon-list-item__text\">Displays und HMIs<\/span><\/div><\/li>\n\n\n\n<li class=\"wp-block-stackable-icon-list-item stk-block-icon-list-item stk-block stk-269ced0\" data-block-id=\"269ced0\"><div class=\"stk-block-icon-list-item__content\"><span class=\"stk--svg-wrapper\"><div class=\"stk--inner-svg\"><svg aria-hidden=\"true\" width=\"32\" height=\"32\"><use xlink:href=\"#stk-icon-list__icon-svg-def-5483e81\"><\/use><\/svg><\/div><\/span><span class=\"stk-block-icon-list-item__text\">Demonstrator-Software<\/span><\/div><\/li>\n\n\n\n<li class=\"wp-block-stackable-icon-list-item stk-block-icon-list-item stk-block stk-dba4267\" data-block-id=\"dba4267\"><div class=\"stk-block-icon-list-item__content\"><span class=\"stk--svg-wrapper\"><div class=\"stk--inner-svg\"><svg aria-hidden=\"true\" width=\"32\" height=\"32\"><use xlink:href=\"#stk-icon-list__icon-svg-def-5483e81\"><\/use><\/svg><\/div><\/span><span class=\"stk-block-icon-list-item__text\">Piggy-Backs und Hats<\/span><\/div><\/li>\n\n\n\n<li class=\"wp-block-stackable-icon-list-item stk-block-icon-list-item stk-block stk-02bc368\" data-block-id=\"02bc368\"><div class=\"stk-block-icon-list-item__content\"><span class=\"stk--svg-wrapper\"><div class=\"stk--inner-svg\"><svg aria-hidden=\"true\" width=\"32\" height=\"32\"><use xlink:href=\"#stk-icon-list__icon-svg-def-5483e81\"><\/use><\/svg><\/div><\/span><span class=\"stk-block-icon-list-item__text\">Carrier Boards<\/span><\/div><\/li>\n\n\n\n<li class=\"wp-block-stackable-icon-list-item stk-block-icon-list-item stk-block stk-02843e5\" data-block-id=\"02843e5\"><div class=\"stk-block-icon-list-item__content\"><span class=\"stk--svg-wrapper\"><div class=\"stk--inner-svg\"><svg aria-hidden=\"true\" width=\"32\" height=\"32\"><use xlink:href=\"#stk-icon-list__icon-svg-def-5483e81\"><\/use><\/svg><\/div><\/span><span class=\"stk-block-icon-list-item__text\">Development Kits<\/span><\/div><\/li>\n\n\n\n<li class=\"wp-block-stackable-icon-list-item stk-block-icon-list-item stk-block stk-0bb5c30\" data-block-id=\"0bb5c30\"><div class=\"stk-block-icon-list-item__content\"><span class=\"stk--svg-wrapper\"><div class=\"stk--inner-svg\"><svg aria-hidden=\"true\" width=\"32\" height=\"32\"><use xlink:href=\"#stk-icon-list__icon-svg-def-5483e81\"><\/use><\/svg><\/div><\/span><span class=\"stk-block-icon-list-item__text\">Interface-Adapter<\/span><\/div><\/li>\n\n\n\n<li class=\"wp-block-stackable-icon-list-item stk-block-icon-list-item stk-block stk-2edbd01\" data-block-id=\"2edbd01\"><div class=\"stk-block-icon-list-item__content\"><span class=\"stk--svg-wrapper\"><div class=\"stk--inner-svg\"><svg aria-hidden=\"true\" width=\"32\" height=\"32\"><use xlink:href=\"#stk-icon-list__icon-svg-def-5483e81\"><\/use><\/svg><\/div><\/span><span class=\"stk-block-icon-list-item__text\">Stackable Boards<\/span><\/div><\/li>\n\n\n\n<li class=\"wp-block-stackable-icon-list-item stk-block-icon-list-item stk-block stk-b9beed5\" data-block-id=\"b9beed5\"><div class=\"stk-block-icon-list-item__content\"><span class=\"stk--svg-wrapper\"><div class=\"stk--inner-svg\"><svg aria-hidden=\"true\" width=\"32\" height=\"32\"><use xlink:href=\"#stk-icon-list__icon-svg-def-5483e81\"><\/use><\/svg><\/div><\/span><span class=\"stk-block-icon-list-item__text\">Backplanes<\/span><\/div><\/li>\n\n\n\n<li class=\"wp-block-stackable-icon-list-item stk-block-icon-list-item stk-block stk-9443765\" data-block-id=\"9443765\"><div class=\"stk-block-icon-list-item__content\"><span class=\"stk--svg-wrapper\"><div class=\"stk--inner-svg\"><svg aria-hidden=\"true\" width=\"32\" height=\"32\"><use xlink:href=\"#stk-icon-list__icon-svg-def-5483e81\"><\/use><\/svg><\/div><\/span><span class=\"stk-block-icon-list-item__text\">Fliegende Aufbauten<\/span><\/div><\/li>\n\n\n\n<li class=\"wp-block-stackable-icon-list-item stk-block-icon-list-item stk-block stk-d181e8a\" data-block-id=\"d181e8a\"><div class=\"stk-block-icon-list-item__content\"><span class=\"stk--svg-wrapper\"><div class=\"stk--inner-svg\"><svg aria-hidden=\"true\" width=\"32\" height=\"32\"><use xlink:href=\"#stk-icon-list__icon-svg-def-5483e81\"><\/use><\/svg><\/div><\/span><span class=\"stk-block-icon-list-item__text\">Mechanische Mockups und Geh&#xE4;use<\/span><\/div><\/li>\n\n\n\n<li class=\"wp-block-stackable-icon-list-item stk-block-icon-list-item stk-block stk-522fa95\" data-block-id=\"522fa95\"><div class=\"stk-block-icon-list-item__content\"><span class=\"stk--svg-wrapper\"><div class=\"stk--inner-svg\"><svg aria-hidden=\"true\" width=\"32\" height=\"32\"><use xlink:href=\"#stk-icon-list__icon-svg-def-5483e81\"><\/use><\/svg><\/div><\/span><span class=\"stk-block-icon-list-item__text\">3D-Druck f&#xFC;r Geh&#xE4;use oder Mechanik<\/span><\/div><\/li>\n\n\n\n<li class=\"wp-block-stackable-icon-list-item stk-block-icon-list-item stk-block stk-500d6fb\" data-block-id=\"500d6fb\"><div class=\"stk-block-icon-list-item__content\"><span class=\"stk--svg-wrapper\"><div class=\"stk--inner-svg\"><svg aria-hidden=\"true\" width=\"32\" height=\"32\"><use xlink:href=\"#stk-icon-list__icon-svg-def-5483e81\"><\/use><\/svg><\/div><\/span><span class=\"stk-block-icon-list-item__text\">3D-Modelle<\/span><\/div><\/li>\n\n\n\n<li class=\"wp-block-stackable-icon-list-item stk-block-icon-list-item stk-block stk-1006cf6\" data-block-id=\"1006cf6\"><div class=\"stk-block-icon-list-item__content\"><span class=\"stk--svg-wrapper\"><div class=\"stk--inner-svg\"><svg aria-hidden=\"true\" width=\"32\" height=\"32\"><use xlink:href=\"#stk-icon-list__icon-svg-def-5483e81\"><\/use><\/svg><\/div><\/span><span class=\"stk-block-icon-list-item__text\">Renderings<\/span><\/div><\/li>\n<\/ul><\/div>\n<\/div><\/div><\/div>\n<\/div><\/div>\n\n\n\n<div class=\"wp-block-stackable-spacer stk-block-spacer stk--no-padding stk-block stk-7091624\" data-block-id=\"7091624\"><style>.stk-7091624 {height:150px !important;}<\/style><\/div>\n","protected":false},"excerpt":{"rendered":"<p>Minimum Viable Products MVPs im Bereich von High-Tech Elektronik m\u00fcssen deutlich mehr Herausforderungen annehmen k\u00f6nnen und Anforderungen erf\u00fcllen als solche von Endkundenprodukten oder Apps.&nbsp; Denn: anders als im Consumer-Bereich ist im High-Tech-Kontext immer relevant, welche Normen ein Produkt zu erf\u00fcllen hat.&nbsp; Elektronische MVPs Es reicht nicht aus, nur die Funktionsf\u00e4higkeit von MVPs in den Vorderung [&hellip;]<\/p>\n","protected":false},"author":1,"featured_media":0,"parent":0,"menu_order":0,"comment_status":"closed","ping_status":"closed","template":"","meta":{"footnotes":""},"class_list":["post-1360","page","type-page","status-publish","hentry"],"blocksy_meta":{"has_hero_section":"disabled","styles_descriptor":{"styles":{"desktop":"","tablet":"","mobile":""},"google_fonts":[],"version":6}},"_links":{"self":[{"href":"https:\/\/www.pickplace.de\/de\/wp-json\/wp\/v2\/pages\/1360","targetHints":{"allow":["GET"]}}],"collection":[{"href":"https:\/\/www.pickplace.de\/de\/wp-json\/wp\/v2\/pages"}],"about":[{"href":"https:\/\/www.pickplace.de\/de\/wp-json\/wp\/v2\/types\/page"}],"author":[{"embeddable":true,"href":"https:\/\/www.pickplace.de\/de\/wp-json\/wp\/v2\/users\/1"}],"replies":[{"embeddable":true,"href":"https:\/\/www.pickplace.de\/de\/wp-json\/wp\/v2\/comments?post=1360"}],"version-history":[{"count":1,"href":"https:\/\/www.pickplace.de\/de\/wp-json\/wp\/v2\/pages\/1360\/revisions"}],"predecessor-version":[{"id":1361,"href":"https:\/\/www.pickplace.de\/de\/wp-json\/wp\/v2\/pages\/1360\/revisions\/1361"}],"wp:attachment":[{"href":"https:\/\/www.pickplace.de\/de\/wp-json\/wp\/v2\/media?parent=1360"}],"curies":[{"name":"wp","href":"https:\/\/api.w.org\/{rel}","templated":true}]}}