{"id":1413,"date":"2026-03-06T20:04:13","date_gmt":"2026-03-06T20:04:13","guid":{"rendered":"https:\/\/pickplace-rtjzvn2oa4.live-website.com\/?page_id=1413"},"modified":"2026-03-17T10:37:53","modified_gmt":"2026-03-17T10:37:53","slug":"datenschutz","status":"publish","type":"page","link":"https:\/\/www.pickplace.de\/de\/datenschutz\/","title":{"rendered":"Datenschutz"},"content":{"rendered":"<h1 class=\"wp-block-heading\">Datenschutz&#xAD;erkl&#xE4;rung<\/h1>\n\n\n\n<h2 class=\"wp-block-heading\">Datenschutz auf einen Blick<\/h2>\n\n\n\n<h3 class=\"wp-block-heading\">Allgemeine Hinweise<\/h3>\n\n\n\n<p>Die folgenden Hinweise geben einen einfachen &#xDC;berblick dar&#xFC;ber, was mit Ihren personenbezogenen Daten passiert, wenn Sie diese Website besuchen. Personenbezogene Daten sind alle Daten, mit denen Sie pers&#xF6;nlich identifiziert werden k&#xF6;nnen. Ausf&#xFC;hrliche Informationen zum Thema Datenschutz entnehmen Sie unserer unter diesem Text aufgef&#xFC;hrten Datenschutzerkl&#xE4;rung.<\/p>\n\n\n\n<h3 class=\"wp-block-heading\">Datenerfassung auf dieser Website<\/h3>\n\n\n\n<h4 class=\"wp-block-heading\">Wer ist verantwortlich f&#xFC;r die Datenerfassung auf dieser Website?<\/h4>\n\n\n\n<p>Die Datenverarbeitung auf dieser Website erfolgt durch den Websitebetreiber. Dessen Kontaktdaten k&#xF6;nnen Sie dem Abschnitt &#x201E;Hinweis zur Verantwortlichen Stelle&#x201C; in dieser Datenschutzerkl&#xE4;rung entnehmen.<\/p>\n\n\n\n<h4 class=\"wp-block-heading\">Wie erfassen wir Ihre Daten?<\/h4>\n\n\n\n<p>Ihre Daten werden zum einen dadurch erhoben, dass Sie uns diese mitteilen. Hierbei kann es sich z.&#xA0;B. um Daten handeln, die Sie in ein Kontaktformular eingeben.<\/p>\n\n\n\n<p>Andere Daten werden automatisch oder nach Ihrer Einwilligung beim Besuch der Website durch unsere IT-Systeme erfasst. Das sind vor allem technische Daten (z.&#xA0;B. Internetbrowser, Betriebssystem oder Uhrzeit des Seitenaufrufs). Die Erfassung dieser Daten erfolgt automatisch, sobald Sie diese Website betreten.<\/p>\n\n\n\n<h4 class=\"wp-block-heading\">Wof&#xFC;r nutzen wir Ihre Daten?<\/h4>\n\n\n\n<p>Ein Teil der Daten wird erhoben, um eine fehlerfreie Bereitstellung der Website zu gew&#xE4;hrleisten. Andere Daten k&#xF6;nnen zur Analyse Ihres Nutzerverhaltens verwendet werden. Sofern &#xFC;ber die Website Vertr&#xE4;ge geschlossen oder angebahnt werden k&#xF6;nnen, werden die &#xFC;bermittelten Daten auch f&#xFC;r Vertragsangebote, Bestellungen oder sonstige Auftragsanfragen verarbeitet.<\/p>\n\n\n\n<h4 class=\"wp-block-heading\">Welche Rechte haben Sie bez&#xFC;glich Ihrer Daten?<\/h4>\n\n\n\n<p>Sie haben jederzeit das Recht, unentgeltlich Auskunft &#xFC;ber Herkunft, Empf&#xE4;nger und Zweck Ihrer gespeicherten personenbezogenen Daten zu erhalten. Sie haben au&#xDF;erdem ein Recht, die Berichtigung oder L&#xF6;schung dieser Daten zu verlangen. Wenn Sie eine Einwilligung zur Datenverarbeitung erteilt haben, k&#xF6;nnen Sie diese Einwilligung jederzeit f&#xFC;r die Zukunft widerrufen. Au&#xDF;erdem haben Sie das Recht, unter bestimmten Umst&#xE4;nden die Einschr&#xE4;nkung der Verarbeitung Ihrer personenbezogenen Daten zu verlangen. Des Weiteren steht Ihnen ein Beschwerderecht bei der zust&#xE4;ndigen Aufsichtsbeh&#xF6;rde zu.<\/p>\n\n\n\n<p>Hierzu sowie zu weiteren Fragen zum Thema Datenschutz k&#xF6;nnen Sie sich jederzeit an uns wenden.<\/p>\n\n\n\n<h3 class=\"wp-block-heading\">Analyse-Tools und Tools von Dritt&#xAD;anbietern<\/h3>\n\n\n\n<p>Beim Besuch dieser Website kann Ihr Surf-Verhalten statistisch ausgewertet werden. Das geschieht vor allem mit sogenannten Analyseprogrammen.<\/p>\n\n\n\n<p>Detaillierte Informationen zu diesen Analyseprogrammen finden Sie in der folgenden Datenschutzerkl&#xE4;rung.<\/p>\n\n\n\n<h2 class=\"wp-block-heading\">Hosting<\/h2>\n\n\n\n<p>Wir hosten die Inhalte unserer Website bei folgendem Anbieter:<\/p>\n\n\n\n<h3 class=\"wp-block-heading\">Strato<\/h3>\n\n\n\n<p>Anbieter ist die Strato AG, Otto-Ostrowski-Stra&#xDF;e 7, 10249 Berlin (nachfolgend &#x201E;Strato&#x201C;). Wenn Sie unsere Website besuchen, erfasst Strato verschiedene Logfiles inklusive Ihrer IP-Adressen.<\/p>\n\n\n\n<p>Weitere Informationen entnehmen Sie der Datenschutzerkl&#xE4;rung von Strato: <a href=\"https:\/\/www.strato.de\/datenschutz\/\" target=\"_blank\" rel=\"noreferrer noopener\">https:\/\/www.strato.de\/datenschutz\/<\/a>.<\/p>\n\n\n\n<p>Die Verwendung von Strato erfolgt auf Grundlage von Art. 6 Abs. 1 lit. f DSGVO. Wir haben ein berechtigtes Interesse an einer m&#xF6;glichst zuverl&#xE4;ssigen Darstellung unserer Website. Sofern eine entsprechende Einwilligung abgefragt wurde, erfolgt die Verarbeitung ausschlie&#xDF;lich auf Grundlage von Art. 6 Abs. 1 lit. a DSGVO und &#xA7; 25 Abs. 1 TDDDG, soweit die Einwilligung die Speicherung von Cookies oder den Zugriff auf Informationen im Endger&#xE4;t des Nutzers (z.&#xA0;B. Device-Fingerprinting) im Sinne des TDDDG umfasst. Die Einwilligung ist jederzeit widerrufbar.<\/p>\n\n\n\n<h2 class=\"wp-block-heading\">Allgemeine Hinweise und Pflicht&#xAD;informationen<\/h2>\n\n\n\n<h3 class=\"wp-block-heading\">Datenschutz<\/h3>\n\n\n\n<p>Die Betreiber dieser Seiten nehmen den Schutz Ihrer pers&#xF6;nlichen Daten sehr ernst. Wir behandeln Ihre personenbezogenen Daten vertraulich und entsprechend den gesetzlichen Datenschutzvorschriften sowie dieser Datenschutzerkl&#xE4;rung.<\/p>\n\n\n\n<p>Wenn Sie diese Website benutzen, werden verschiedene personenbezogene Daten erhoben. Personenbezogene Daten sind Daten, mit denen Sie pers&#xF6;nlich identifiziert werden k&#xF6;nnen. Die vorliegende Datenschutzerkl&#xE4;rung erl&#xE4;utert, welche Daten wir erheben und wof&#xFC;r wir sie nutzen. Sie erl&#xE4;utert auch, wie und zu welchem Zweck das geschieht.<\/p>\n\n\n\n<p>Wir weisen darauf hin, dass die Daten&#xFC;bertragung im Internet (z.&#xA0;B. bei der Kommunikation per E-Mail) Sicherheitsl&#xFC;cken aufweisen kann. Ein l&#xFC;ckenloser Schutz der Daten vor dem Zugriff durch Dritte ist nicht m&#xF6;glich.<\/p>\n\n\n\n<h3 class=\"wp-block-heading\">Hinweis zur verantwortlichen Stelle<\/h3>\n\n\n\n<p>Die verantwortliche Stelle f&#xFC;r die Datenverarbeitung auf dieser Website ist:<\/p>\n\n\n\n<p>pickplace Consulting GmbH<br>Brandst&#xFC;cken 24<br>22549 Hamburg<\/p>\n\n\n\n<p>Telefon: +49 40 32516647<br>E-Mail: hello@pickplace.de<\/p>\n\n\n\n<p>Verantwortliche Stelle ist die nat&#xFC;rliche oder juristische Person, die allein oder gemeinsam mit anderen &#xFC;ber die Zwecke und Mittel der Verarbeitung von personenbezogenen Daten (z.&#xA0;B. Namen, E-Mail-Adressen o. &#xC4;.) entscheidet.<\/p>\n\n\n\n<h3 class=\"wp-block-heading\">Speicherdauer<\/h3>\n\n\n\n<p>Soweit innerhalb dieser Datenschutzerkl&#xE4;rung keine speziellere Speicherdauer genannt wurde, verbleiben Ihre personenbezogenen Daten bei uns, bis der Zweck f&#xFC;r die Datenverarbeitung entf&#xE4;llt. Wenn Sie ein berechtigtes L&#xF6;schersuchen geltend machen oder eine Einwilligung zur Datenverarbeitung widerrufen, werden Ihre Daten gel&#xF6;scht, sofern wir keine anderen rechtlich zul&#xE4;ssigen Gr&#xFC;nde f&#xFC;r die Speicherung Ihrer personenbezogenen Daten haben (z.&#xA0;B. steuer- oder handelsrechtliche Aufbewahrungsfristen); im letztgenannten Fall erfolgt die L&#xF6;schung nach Fortfall dieser Gr&#xFC;nde.<\/p>\n\n\n\n<h3 class=\"wp-block-heading\">Allgemeine Hinweise zu den Rechtsgrundlagen der Datenverarbeitung auf dieser Website<\/h3>\n\n\n\n<p>Sofern Sie in die Datenverarbeitung eingewilligt haben, verarbeiten wir Ihre personenbezogenen Daten auf Grundlage von Art. 6 Abs. 1 lit. a DSGVO bzw. Art. 9 Abs. 2 lit. a DSGVO, sofern besondere Datenkategorien nach Art. 9 Abs. 1 DSGVO verarbeitet werden. Im Falle einer ausdr&uuml;cklichen Einwilligung in die &Uuml;bertragung personenbezogener Daten in Drittstaaten erfolgt die Datenverarbeitung au&szlig;erdem auf Grundlage von Art. 49 Abs. 1 lit. a DSGVO. Sofern Sie in die Speicherung von Cookies oder in den Zugriff auf Informationen in Ihr Endger&auml;t (z.&nbsp;B. <a class=\"glossaryLink\"  aria-describedby=\"tt\"  data-cmtooltip=\"cmtt_462f12caa3dc7c4360e9c2535fec6b32\"  href=\"https:\/\/www.pickplace.de\/de\/glossar\/via\/\"  data-gt-translate-attributes='[{\"attribute\":\"data-cmtooltip\", \"format\":\"html\"}]' tabindex='0' role='link'>via<\/a> Device-Fingerprinting) eingewilligt haben, erfolgt die Datenverarbeitung zus&auml;tzlich auf Grundlage von &sect; 25 Abs. 1 TDDDG. Die Einwilligung ist jederzeit widerrufbar. Sind Ihre Daten zur Vertragserf&uuml;llung oder zur Durchf&uuml;hrung vorvertraglicher Ma&szlig;nahmen erforderlich, verarbeiten wir Ihre Daten auf Grundlage des Art. 6 Abs. 1 lit. b DSGVO. Des Weiteren verarbeiten wir Ihre Daten, sofern diese zur Erf&uuml;llung einer rechtlichen Verpflichtung erforderlich sind auf Grundlage von Art. 6 Abs. 1 lit. c DSGVO. Die Datenverarbeitung kann ferner auf Grundlage unseres berechtigten Interesses nach Art. 6 Abs. 1 lit. f DSGVO erfolgen. &Uuml;ber die jeweils im Einzelfall einschl&auml;gigen Rechtsgrundlagen wird in den folgenden Abs&auml;tzen dieser Datenschutzerkl&auml;rung informiert.<\/p>\n\n\n\n<h3 class=\"wp-block-heading\">Empf&#xE4;nger von personenbezogenen Daten<\/h3>\n\n\n\n<p>Im Rahmen unserer Gesch&#xE4;ftst&#xE4;tigkeit arbeiten wir mit verschiedenen externen Stellen zusammen. Dabei ist teilweise auch eine &#xDC;bermittlung von personenbezogenen Daten an diese externen Stellen erforderlich. Wir geben personenbezogene Daten nur dann an externe Stellen weiter, wenn dies im Rahmen einer Vertragserf&#xFC;llung erforderlich ist, wenn wir gesetzlich hierzu verpflichtet sind (z.&#xA0;B. Weitergabe von Daten an Steuerbeh&#xF6;rden), wenn wir ein berechtigtes Interesse nach Art. 6 Abs. 1 lit. f DSGVO an der Weitergabe haben oder wenn eine sonstige Rechtsgrundlage die Datenweitergabe erlaubt. Beim Einsatz von Auftragsverarbeitern geben wir personenbezogene Daten unserer Kunden nur auf Grundlage eines g&#xFC;ltigen Vertrags &#xFC;ber Auftragsverarbeitung weiter. Im Falle einer gemeinsamen Verarbeitung wird ein Vertrag &#xFC;ber gemeinsame Verarbeitung geschlossen.<\/p>\n\n\n\n<h3 class=\"wp-block-heading\">Widerruf Ihrer Einwilligung zur Datenverarbeitung<\/h3>\n\n\n\n<p>Viele Datenverarbeitungsvorg&#xE4;nge sind nur mit Ihrer ausdr&#xFC;cklichen Einwilligung m&#xF6;glich. Sie k&#xF6;nnen eine bereits erteilte Einwilligung jederzeit widerrufen. Die Rechtm&#xE4;&#xDF;igkeit der bis zum Widerruf erfolgten Datenverarbeitung bleibt vom Widerruf unber&#xFC;hrt.<\/p>\n\n\n\n<h3 class=\"wp-block-heading\">Widerspruchsrecht gegen die Datenerhebung in besonderen F&#xE4;llen sowie gegen Direktwerbung (Art. 21 DSGVO)<\/h3>\n\n\n\n<p>WENN DIE DATENVERARBEITUNG AUF GRUNDLAGE VON ART. 6 ABS. 1 LIT. E ODER F DSGVO ERFOLGT, HABEN SIE JEDERZEIT DAS RECHT, AUS GR&#xDC;NDEN, DIE SICH AUS IHRER BESONDEREN SITUATION ERGEBEN, GEGEN DIE VERARBEITUNG IHRER PERSONENBEZOGENEN DATEN WIDERSPRUCH EINZULEGEN; DIES GILT AUCH F&#xDC;R EIN AUF DIESE BESTIMMUNGEN GEST&#xDC;TZTES PROFILING. DIE JEWEILIGE RECHTSGRUNDLAGE, AUF DENEN EINE VERARBEITUNG BERUHT, ENTNEHMEN SIE DIESER DATENSCHUTZERKL&#xC4;RUNG. WENN SIE WIDERSPRUCH EINLEGEN, WERDEN WIR IHRE BETROFFENEN PERSONENBEZOGENEN DATEN NICHT MEHR VERARBEITEN, ES SEI DENN, WIR K&#xD6;NNEN ZWINGENDE SCHUTZW&#xDC;RDIGE GR&#xDC;NDE F&#xDC;R DIE VERARBEITUNG NACHWEISEN, DIE IHRE INTERESSEN, RECHTE UND FREIHEITEN &#xDC;BERWIEGEN ODER DIE VERARBEITUNG DIENT DER GELTENDMACHUNG, AUS&#xDC;BUNG ODER VERTEIDIGUNG VON RECHTSANSPR&#xDC;CHEN (WIDERSPRUCH NACH ART. 21 ABS. 1 DSGVO).<\/p>\n\n\n\n<p>WERDEN IHRE PERSONENBEZOGENEN DATEN VERARBEITET, UM DIREKTWERBUNG ZU BETREIBEN, SO HABEN SIE DAS RECHT, JEDERZEIT WIDERSPRUCH GEGEN DIE VERARBEITUNG SIE BETREFFENDER PERSONENBEZOGENER DATEN ZUM ZWECKE DERARTIGER WERBUNG EINZULEGEN; DIES GILT AUCH F&#xDC;R DAS PROFILING, SOWEIT ES MIT SOLCHER DIREKTWERBUNG IN VERBINDUNG STEHT. WENN SIE WIDERSPRECHEN, WERDEN IHRE PERSONENBEZOGENEN DATEN ANSCHLIESSEND NICHT MEHR ZUM ZWECKE DER DIREKTWERBUNG VERWENDET (WIDERSPRUCH NACH ART. 21 ABS. 2 DSGVO).<\/p>\n\n\n\n<h3 class=\"wp-block-heading\">Beschwerde&#xAD;recht bei der zust&#xE4;ndigen Aufsichts&#xAD;beh&#xF6;rde<\/h3>\n\n\n\n<p>Im Falle von Verst&#xF6;&#xDF;en gegen die DSGVO steht den Betroffenen ein Beschwerderecht bei einer Aufsichtsbeh&#xF6;rde, insbesondere in dem Mitgliedstaat ihres gew&#xF6;hnlichen Aufenthalts, ihres Arbeitsplatzes oder des Orts des mutma&#xDF;lichen Versto&#xDF;es zu. Das Beschwerderecht besteht unbeschadet anderweitiger verwaltungsrechtlicher oder gerichtlicher Rechtsbehelfe.<\/p>\n\n\n\n<h3 class=\"wp-block-heading\">Recht auf Daten&#xAD;&#xFC;bertrag&#xAD;barkeit<\/h3>\n\n\n\n<p>Sie haben das Recht, Daten, die wir auf Grundlage Ihrer Einwilligung oder in Erf&#xFC;llung eines Vertrags automatisiert verarbeiten, an sich oder an einen Dritten in einem g&#xE4;ngigen, maschinenlesbaren Format aush&#xE4;ndigen zu lassen. Sofern Sie die direkte &#xDC;bertragung der Daten an einen anderen Verantwortlichen verlangen, erfolgt dies nur, soweit es technisch machbar ist.<\/p>\n\n\n\n<h3 class=\"wp-block-heading\">Auskunft, Berichtigung und L&#xF6;schung<\/h3>\n\n\n\n<p>Sie haben im Rahmen der geltenden gesetzlichen Bestimmungen jederzeit das Recht auf unentgeltliche Auskunft &#xFC;ber Ihre gespeicherten personenbezogenen Daten, deren Herkunft und Empf&#xE4;nger und den Zweck der Datenverarbeitung und ggf. ein Recht auf Berichtigung oder L&#xF6;schung dieser Daten. Hierzu sowie zu weiteren Fragen zum Thema personenbezogene Daten k&#xF6;nnen Sie sich jederzeit an uns wenden.<\/p>\n\n\n\n<h3 class=\"wp-block-heading\">Recht auf Einschr&#xE4;nkung der Verarbeitung<\/h3>\n\n\n\n<p>Sie haben das Recht, die Einschr&#xE4;nkung der Verarbeitung Ihrer personenbezogenen Daten zu verlangen. Hierzu k&#xF6;nnen Sie sich jederzeit an uns wenden. Das Recht auf Einschr&#xE4;nkung der Verarbeitung besteht in folgenden F&#xE4;llen:<\/p>\n\n\n\n<ul class=\"wp-block-list\">\n<li>Wenn Sie die Richtigkeit Ihrer bei uns gespeicherten personenbezogenen Daten bestreiten, ben&#xF6;tigen wir in der Regel Zeit, um dies zu &#xFC;berpr&#xFC;fen. F&#xFC;r die Dauer der Pr&#xFC;fung haben Sie das Recht, die Einschr&#xE4;nkung der Verarbeitung Ihrer personenbezogenen Daten zu verlangen.<\/li>\n\n\n\n<li>Wenn die Verarbeitung Ihrer personenbezogenen Daten unrechtm&#xE4;&#xDF;ig geschah\/geschieht, k&#xF6;nnen Sie statt der L&#xF6;schung die Einschr&#xE4;nkung der Datenverarbeitung verlangen.<\/li>\n\n\n\n<li>Wenn wir Ihre personenbezogenen Daten nicht mehr ben&#xF6;tigen, Sie sie jedoch zur Aus&#xFC;bung, Verteidigung oder Geltendmachung von Rechtsanspr&#xFC;chen ben&#xF6;tigen, haben Sie das Recht, statt der L&#xF6;schung die Einschr&#xE4;nkung der Verarbeitung Ihrer personenbezogenen Daten zu verlangen.<\/li>\n\n\n\n<li>Wenn Sie einen Widerspruch nach Art. 21 Abs. 1 DSGVO eingelegt haben, muss eine Abw&#xE4;gung zwischen Ihren und unseren Interessen vorgenommen werden. Solange noch nicht feststeht, wessen Interessen &#xFC;berwiegen, haben Sie das Recht, die Einschr&#xE4;nkung der Verarbeitung Ihrer personenbezogenen Daten zu verlangen.<\/li>\n<\/ul>\n\n\n\n<p>Wenn Sie die Verarbeitung Ihrer personenbezogenen Daten eingeschr&#xE4;nkt haben, d&#xFC;rfen diese Daten &#x2013; von ihrer Speicherung abgesehen &#x2013; nur mit Ihrer Einwilligung oder zur Geltendmachung, Aus&#xFC;bung oder Verteidigung von Rechtsanspr&#xFC;chen oder zum Schutz der Rechte einer anderen nat&#xFC;rlichen oder juristischen Person oder aus Gr&#xFC;nden eines wichtigen &#xF6;ffentlichen Interesses der Europ&#xE4;ischen Union oder eines Mitgliedstaats verarbeitet werden.<\/p>\n\n\n\n<h3 class=\"wp-block-heading\">SSL- bzw. TLS-Verschl&#xFC;sselung<\/h3>\n\n\n\n<p>Diese Seite nutzt aus Sicherheitsgr&#xFC;nden und zum Schutz der &#xDC;bertragung vertraulicher Inhalte, wie zum Beispiel Bestellungen oder Anfragen, die Sie an uns als Seitenbetreiber senden, eine SSL- bzw. TLS-Verschl&#xFC;sselung. Eine verschl&#xFC;sselte Verbindung erkennen Sie daran, dass die Adresszeile des Browsers von &#x201E;http:\/\/&#x201C; auf &#x201E;https:\/\/&#x201C; wechselt und an dem Schloss-Symbol in Ihrer Browserzeile.<\/p>\n\n\n\n<p>Wenn die SSL- bzw. TLS-Verschl&#xFC;sselung aktiviert ist, k&#xF6;nnen die Daten, die Sie an uns &#xFC;bermitteln, nicht von Dritten mitgelesen werden.<\/p>\n\n\n\n<h3 class=\"wp-block-heading\">Widerspruch gegen Werbe-E-Mails<\/h3>\n\n\n\n<p>Der Nutzung von im Rahmen der Impressumspflicht ver&#xF6;ffentlichten Kontaktdaten zur &#xDC;bersendung von nicht ausdr&#xFC;cklich angeforderter Werbung und Informationsmaterialien wird hiermit widersprochen. Die Betreiber der Seiten behalten sich ausdr&#xFC;cklich rechtliche Schritte im Falle der unverlangten Zusendung von Werbeinformationen, etwa durch Spam-E-Mails, vor.<\/p>\n\n\n\n<h2 class=\"wp-block-heading\">Newsletter<\/h2>\n\n\n\n<h3 class=\"wp-block-heading\">Newsletter&#xAD;daten<\/h3>\n\n\n\n<p>Wenn Sie den auf der Website angebotenen Newsletter beziehen m&#xF6;chten, ben&#xF6;tigen wir von Ihnen eine E-Mail-Adresse sowie Informationen, welche uns die &#xDC;berpr&#xFC;fung gestatten, dass Sie der Inhaber der angegebenen E-Mail-Adresse sind und mit dem Empfang des Newsletters einverstanden sind. Weitere Daten werden nicht bzw. nur auf freiwilliger Basis erhoben. Diese Daten verwenden wir ausschlie&#xDF;lich f&#xFC;r den Versand der angeforderten Informationen und geben diese nicht an Dritte weiter.<\/p>\n\n\n\n<p>Die Verarbeitung der in das Newsletteranmeldeformular eingegebenen Daten erfolgt ausschlie&#xDF;lich auf Grundlage Ihrer Einwilligung (Art. 6 Abs. 1 lit. a DSGVO). Die erteilte Einwilligung zur Speicherung der Daten, der E-Mail-Adresse sowie deren Nutzung zum Versand des Newsletters k&#xF6;nnen Sie jederzeit widerrufen, etwa &#xFC;ber den &#x201E;Austragen&#x201C;-Link im Newsletter. Die Rechtm&#xE4;&#xDF;igkeit der bereits erfolgten Datenverarbeitungsvorg&#xE4;nge bleibt vom Widerruf unber&#xFC;hrt.<\/p>\n\n\n\n<p>Die von Ihnen zum Zwecke des Newsletter-Bezugs bei uns hinterlegten Daten werden von uns bis zu Ihrer Austragung aus dem Newsletter bei uns bzw. dem Newsletterdiensteanbieter gespeichert und nach der Abbestellung des Newsletters oder nach Zweckfortfall aus der Newsletterverteilerliste gel&#xF6;scht. Wir behalten uns vor, E-Mail-Adressen aus unserem Newsletterverteiler nach eigenem Ermessen im Rahmen unseres berechtigten Interesses nach Art. 6 Abs. 1 lit. f DSGVO zu l&#xF6;schen oder zu sperren.<\/p>\n\n\n\n<p>Daten, die zu anderen Zwecken bei uns gespeichert wurden, bleiben hiervon unber&#xFC;hrt.<\/p>\n\n\n\n<p>Nach Ihrer Austragung aus der Newsletterverteilerliste wird Ihre E-Mail-Adresse bei uns bzw. dem Newsletterdiensteanbieter ggf. in einer Blacklist gespeichert, sofern dies zur Verhinderung k&#xFC;nftiger Mailings erforderlich ist. Die Daten aus der Blacklist werden nur f&#xFC;r diesen Zweck verwendet und nicht mit anderen Daten zusammengef&#xFC;hrt. Dies dient sowohl Ihrem Interesse als auch unserem Interesse an der Einhaltung der gesetzlichen Vorgaben beim Versand von Newslettern (berechtigtes Interesse im Sinne des Art. 6 Abs. 1 lit. f DSGVO). Die Speicherung in der Blacklist ist zeitlich nicht befristet. <strong>Sie k&#xF6;nnen der Speicherung widersprechen, sofern Ihre Interessen unser berechtigtes Interesse &#xFC;berwiegen.<\/strong><\/p>\n\n\n\n<h3 class=\"wp-block-heading\">Newsletterversand an Bestandskunden<\/h3>\n\n\n\n<p>Wenn Sie Waren oder Dienstleistungen bei uns bestellen und hierbei Ihre E-Mail-Adresse hinterlegen, kann diese E-Mail-Adresse in der Folge durch uns f&#xFC;r den Versand von Newslettern verwendet werden, sofern wir Sie vorab hier&#xFC;ber informieren. In einem solchen Fall wird &#xFC;ber den Newsletter nur Direktwerbung f&#xFC;r eigene &#xE4;hnliche Waren oder Dienstleistungen versendet. Die Zusendung dieses Newsletters kann von Ihnen jederzeit gek&#xFC;ndigt werden. Zu diesem Zweck findet sich in jedem Newsletter ein entsprechender Link. Rechtsgrundlage f&#xFC;r den Versand des Newsletters ist in diesem Fall Art. 6 Abs. 1 lit. f DSGVO in Verbindung mit &#xA7; 7 Abs. 3 UWG.<\/p>\n\n\n\n<p>Nach Ihrer Austragung aus der Newsletterverteilerliste wird Ihre E-Mail-Adresse bei uns ggf. in einer Blacklist gespeichert, um k&#xFC;nftige Mailings an Sie zu verhindern. Die Daten aus der Blacklist werden nur f&#xFC;r diesen Zweck verwendet und nicht mit anderen Daten zusammengef&#xFC;hrt. Dies dient sowohl Ihrem Interesse als auch unserem Interesse an der Einhaltung der gesetzlichen Vorgaben beim Versand von Newslettern (berechtigtes Interesse im Sinne des Art. 6 Abs. 1 lit. f DSGVO). Die Speicherung in der Blacklist ist zeitlich nicht befristet. Sie k&#xF6;nnen der Speicherung widersprechen, sofern Ihre Interessen unser berechtigtes Interesse &#xFC;berwiegen.<\/p>\n\n\n\n<h2 class=\"wp-block-heading\">Plugins und Tools<\/h2>\n\n\n\n<h3 class=\"wp-block-heading\">Google Fonts<\/h3>\n\n\n\n<p>Diese Seite nutzt zur einheitlichen Darstellung von Schriftarten so genannte Google Fonts, die von Google bereitgestellt werden. Beim Aufruf einer Seite l&#xE4;dt Ihr Browser die ben&#xF6;tigten Fonts in ihren Browsercache, um Texte und Schriftarten korrekt anzuzeigen.<\/p>\n\n\n\n<p>Zu diesem Zweck muss der von Ihnen verwendete Browser Verbindung zu den Servern von Google aufnehmen. Hierdurch erlangt Google Kenntnis dar&#xFC;ber, dass &#xFC;ber Ihre IP-Adresse diese Website aufgerufen wurde. Die Nutzung von Google Fonts erfolgt auf Grundlage von Art. 6 Abs. 1 lit. f DSGVO. Der Websitebetreiber hat ein berechtigtes Interesse an der einheitlichen Darstellung des Schriftbildes auf seiner Website. Sofern eine entsprechende Einwilligung abgefragt wurde, erfolgt die Verarbeitung ausschlie&#xDF;lich auf Grundlage von Art. 6 Abs. 1 lit. a DSGVO und &#xA7; 25 Abs. 1 TDDDG, soweit die Einwilligung die Speicherung von Cookies oder den Zugriff auf Informationen im Endger&#xE4;t des Nutzers (z.&#xA0;B. Device-Fingerprinting) im Sinne des TDDDG umfasst. Die Einwilligung ist jederzeit widerrufbar.<\/p>\n\n\n\n<p>Wenn Ihr Browser Google Fonts nicht unterst&#xFC;tzt, wird eine Standardschrift von Ihrem Computer genutzt.<\/p>\n\n\n\n<p>Weitere Informationen zu Google Fonts finden Sie unter <a href=\"https:\/\/developers.google.com\/fonts\/faq\" target=\"_blank\" rel=\"noreferrer noopener\">https:\/\/developers.google.com\/fonts\/faq<\/a> und in der Datenschutzerkl&#xE4;rung von Google: <a href=\"https:\/\/policies.google.com\/privacy?hl=de\" target=\"_blank\" rel=\"noreferrer noopener\">https:\/\/policies.google.com\/privacy?hl=de<\/a>.<\/p>\n\n\n\n<p>Das Unternehmen verf&#xFC;gt &#xFC;ber eine Zertifizierung nach dem &#x201E;EU-US Data Privacy Framework&#x201C; (DPF). Der DPF ist ein &#xDC;bereinkommen zwischen der Europ&#xE4;ischen Union und den USA, der die Einhaltung europ&#xE4;ischer Datenschutzstandards bei Datenverarbeitungen in den USA gew&#xE4;hrleisten soll. Jedes nach dem DPF zertifizierte Unternehmen verpflichtet sich, diese Datenschutzstandards einzuhalten. Weitere Informationen hierzu erhalten Sie vom Anbieter unter folgendem Link: <a href=\"https:\/\/www.dataprivacyframework.gov\/participant\/5780\" target=\"_blank\" rel=\"noreferrer noopener\">https:\/\/www.dataprivacyframework.gov\/participant\/5780<\/a>.<\/p>\n\n\n\n<h3 class=\"wp-block-heading\">Visable GmbH \/ Wer Liefert Was<\/h3>\n\n\n\n<p>PICKPLACE setzt zu Analyse- und Marketingzwecken Produkte und Dienstleistungen ein, die in Kooperation mit der Visable GmbH (www.visable.com) von dieser zur Verf&#xFC;gung gestellt werden. Hierzu erfolgt mittels Z&#xE4;hlpixeltechnologie die Erhebung, Verarbeitung und Speicherung von Daten zur Erstellung mindestens pseudonymisierter, wo m&#xF6;glich und sinnvoll vollst&#xE4;ndig anonymisierter Nutzungsprofile. Die erhobenen Daten, die zun&#xE4;chst noch personenbezogene Daten beinhalten k&#xF6;nnen, werden an Visable &#xFC;bermittelt oder direkt durch Visable erhoben und dort zur Erstellung der o.a. Nutzungsprofile verwendet. Eine pers&#xF6;nliche Identifikation von Besuchern dieser Webseite findet nicht statt, und es werden auch keine sonstigen personenbezogenen Daten mit den Nutzungsprofilen zusammengef&#xFC;hrt. Sollten IP-Adressen als personenbezogen identifiziert werden, so werden sie umgehend gel&#xF6;scht<\/p>\n\n\n\n<p><\/p>\n\n\n\n<p>Quelle: <a href=\"https:\/\/www.e-recht24.de\" target=\"_blank\" rel=\"noopener\">https:\/\/www.e-recht24.de<\/a><\/p>\n\n\n\n<p><\/p>\n","protected":false},"excerpt":{"rendered":"<p>Datenschutz\u00aderkl\u00e4rung Datenschutz auf einen Blick Allgemeine Hinweise Die folgenden Hinweise geben einen einfachen \u00dcberblick dar\u00fcber, was mit Ihren personenbezogenen Daten passiert, wenn Sie diese Website besuchen. Personenbezogene Daten sind alle Daten, mit denen Sie pers\u00f6nlich identifiziert werden k\u00f6nnen. Ausf\u00fchrliche Informationen zum Thema Datenschutz entnehmen Sie unserer unter diesem Text aufgef\u00fchrten Datenschutzerkl\u00e4rung. Datenerfassung auf dieser Website [&hellip;]<\/p>\n","protected":false},"author":1,"featured_media":0,"parent":0,"menu_order":0,"comment_status":"closed","ping_status":"closed","template":"","meta":{"footnotes":""},"class_list":["post-1413","page","type-page","status-publish","hentry"],"blocksy_meta":{"has_hero_section":"disabled","styles_descriptor":{"styles":{"desktop":"","tablet":"","mobile":""},"google_fonts":[],"version":6}},"_links":{"self":[{"href":"https:\/\/www.pickplace.de\/de\/wp-json\/wp\/v2\/pages\/1413","targetHints":{"allow":["GET"]}}],"collection":[{"href":"https:\/\/www.pickplace.de\/de\/wp-json\/wp\/v2\/pages"}],"about":[{"href":"https:\/\/www.pickplace.de\/de\/wp-json\/wp\/v2\/types\/page"}],"author":[{"embeddable":true,"href":"https:\/\/www.pickplace.de\/de\/wp-json\/wp\/v2\/users\/1"}],"replies":[{"embeddable":true,"href":"https:\/\/www.pickplace.de\/de\/wp-json\/wp\/v2\/comments?post=1413"}],"version-history":[{"count":2,"href":"https:\/\/www.pickplace.de\/de\/wp-json\/wp\/v2\/pages\/1413\/revisions"}],"predecessor-version":[{"id":1712,"href":"https:\/\/www.pickplace.de\/de\/wp-json\/wp\/v2\/pages\/1413\/revisions\/1712"}],"wp:attachment":[{"href":"https:\/\/www.pickplace.de\/de\/wp-json\/wp\/v2\/media?parent=1413"}],"curies":[{"name":"wp","href":"https:\/\/api.w.org\/{rel}","templated":true}]}}