{"id":1227,"date":"2026-03-04T21:31:33","date_gmt":"2026-03-04T21:31:33","guid":{"rendered":"https:\/\/pickplace-rtjzvn2oa4.live-website.com\/glossary\/"},"modified":"2026-03-06T14:30:00","modified_gmt":"2026-03-06T14:30:00","slug":"glossar","status":"publish","type":"page","link":"https:\/\/www.pickplace.de\/en\/glossar\/","title":{"rendered":"Glossar"},"content":{"rendered":"<div class=\"wp-block-stackable-columns alignfull stk-block-columns stk-block stk-763009c\" data-block-id=\"763009c\"><style>.stk-763009c {margin-top:var(--stk--preset--spacing--70, 3.38rem) !important;margin-bottom:var(--stk--preset--spacing--70, 3.38rem) !important;}<\/style><div class=\"stk-row stk-inner-blocks stk-block-content stk-content-align stk-763009c-column alignwide\">\n<div class=\"wp-block-stackable-column stk-block-column stk-column stk-block stk-c611e41\" data-v=\"4\" data-block-id=\"c611e41\"><style>.stk-c611e41 {align-self:center !important;}<\/style><div class=\"stk-column-wrapper stk-block-column__content stk-container stk-c611e41-container stk--no-background stk--no-padding\"><div class=\"stk-block-content stk-inner-blocks stk-c611e41-inner-blocks\">\n<div class=\"wp-block-stackable-heading stk-block-heading stk-block-heading--v2 stk-block stk-9eb357f\" id=\"heading-placeholder\" data-block-id=\"9eb357f\"><h2 class=\"stk-block-heading__text\">Glossar<\/h2><\/div>\n\n\n\n<div class=\"wp-block-stackable-text stk-block-text stk-block stk-05da8b8\" data-block-id=\"05da8b8\"><p class=\"stk-block-text__text\">Das <strong>PICKPLACE Embedded Glossar<\/strong> erkl&auml;rt zentrale Begriffe aus der Entwicklung von Embedded Systems, Elektronik und Software. Es richtet sich an Entwickler, technische Projektleiter und Entscheider, die sich mit Mikrocontrollern, Hardwareentwicklung, <a class=\"glossaryLink\"  href=\"https:\/\/www.pickplace.de\/en\/glossar\/embedded-software\/\"  data-gt-translate-attributes='[{\"attribute\":\"data-cmtooltip\", \"format\":\"html\"}]' tabindex='0' role='link'>Embedded Software<\/a> und Systemarchitekturen besch&auml;ftigen.<\/p><\/div>\n\n\n\n<p>Die Eintr&auml;ge erl&auml;utern technische Begriffe aus Bereichen wie Leiterplattenentwicklung (<a class=\"glossaryLink\"  href=\"https:\/\/www.pickplace.de\/en\/glossar\/pcb\/\"  data-gt-translate-attributes='[{\"attribute\":\"data-cmtooltip\", \"format\":\"html\"}]' tabindex='0' role='link'>PCB<\/a>), Mikrocontroller-Architekturen, Schnittstellen, Echtzeitsysteme, <a class=\"glossaryLink\"  href=\"https:\/\/www.pickplace.de\/en\/glossar\/embedded-software\/\"  data-gt-translate-attributes='[{\"attribute\":\"data-cmtooltip\", \"format\":\"html\"}]' tabindex='0' role='link'>Embedded Software<\/a>, Hardwaredesign sowie Test- und Produktionsprozesse elektronischer Systeme. Ziel ist es, wichtige Fachbegriffe kompakt und technisch nachvollziehbar zu erkl&auml;ren. <\/p>\n<\/div><\/div><\/div>\n\n\n\n<div class=\"wp-block-stackable-column stk-block-column stk-column stk-block stk-84dfaea\" data-v=\"4\" data-block-id=\"84dfaea\"><div class=\"stk-column-wrapper stk-block-column__content stk-container stk-84dfaea-container stk--no-background stk--no-padding\"><div class=\"stk-block-content stk-inner-blocks stk-84dfaea-inner-blocks\">\n<div class=\"wp-block-stackable-image stk-block-image stk-block stk-b2601a2\" data-block-id=\"b2601a2\"><style>.stk-b2601a2 .stk-img-wrapper img{border-radius:var(--stk--preset--border-radius--xx-large, 32px) !important;}<\/style><figure><span class=\"stk-img-wrapper stk-image--shape-stretch\"><img loading=\"lazy\" decoding=\"async\" class=\"stk-img wp-image-1209\" src=\"https:\/\/pickplace-rtjzvn2oa4.live-website.com\/wp-content\/uploads\/2026\/03\/red-pcb-design-layout-1200.jpg\" width=\"1200\" height=\"943\" alt=\"Nahaufnahme einer Leiterplatte\/PCB mit feinen Kupferbahnen &#x2013; Elektronik, embedded hardware\" srcset=\"https:\/\/www.pickplace.de\/wp-content\/uploads\/2026\/03\/red-pcb-design-layout-1200.jpg 1200w, https:\/\/www.pickplace.de\/wp-content\/uploads\/2026\/03\/red-pcb-design-layout-1200-300x236.jpg 300w, https:\/\/www.pickplace.de\/wp-content\/uploads\/2026\/03\/red-pcb-design-layout-1200-1024x805.jpg 1024w, https:\/\/www.pickplace.de\/wp-content\/uploads\/2026\/03\/red-pcb-design-layout-1200-768x604.jpg 768w, https:\/\/www.pickplace.de\/wp-content\/uploads\/2026\/03\/red-pcb-design-layout-1200-15x12.jpg 15w\" sizes=\"auto, (max-width: 1200px) 100vw, 1200px\"\/><\/span><\/figure><\/div>\n<\/div><\/div><\/div>\n<\/div><\/div>\n\n\n\n<div class=\"wp-block-stackable-columns stk-block-columns stk-block stk-9d8e033\" data-block-id=\"9d8e033\"><div class=\"stk-row stk-inner-blocks stk-block-content stk-content-align stk-9d8e033-column\">\n<div class=\"wp-block-stackable-column stk-block-column stk-column stk-block stk-f8010cc\" data-v=\"4\" data-block-id=\"f8010cc\"><div class=\"stk-column-wrapper stk-block-column__content stk-container stk-f8010cc-container stk--no-background stk--no-padding\"><div class=\"stk-block-content stk-inner-blocks stk-f8010cc-inner-blocks\"><div class=\"cm-glossary tiles\"><div class=\"glossary-container no-counts\"><input type=\"hidden\" class=\"cmtt-attribute-field\" name=\"glossary_index_style\" value=\"small-tiles\"><div id=\"glossaryList-nav\" class=\"listNav small\" role=\"tablist\"><div class=\"ln-letters \"><a class=\"ln-all ln-serv-letter ln-selected\" data-letter=\"all\" data-letter-count=\"24\" href=\"https:\/\/www.pickplace.de\/en\/glossar\/\">...<\/a><a class=\"ln-_ ln-serv-letter ln-disabled\" data-letter-count=\"0\" data-letter=\"al-num\" href=\"https:\/\/www.pickplace.de\/en\/glossar\/?letter=al-num\">0-9<\/a><a class=\"lnletter-a ln-serv-letter ln-disabled\" data-letter-count=\"0\" data-letter=\"a\" href=\"https:\/\/www.pickplace.de\/en\/glossar\/?letter=a\">A<\/a><a class=\"lnletter-b ln-serv-letter\" data-letter-count=\"1\" data-letter=\"b\" href=\"https:\/\/www.pickplace.de\/en\/glossar\/?letter=b\">B<\/a><a class=\"lnletter-c ln-serv-letter\" data-letter-count=\"2\" data-letter=\"c\" href=\"https:\/\/www.pickplace.de\/en\/glossar\/?letter=c\">C<\/a><a class=\"lnletter-d ln-serv-letter\" data-letter-count=\"1\" data-letter=\"d\" href=\"https:\/\/www.pickplace.de\/en\/glossar\/?letter=d\">D<\/a><a class=\"lnletter-e ln-serv-letter\" data-letter-count=\"3\" data-letter=\"e\" href=\"https:\/\/www.pickplace.de\/en\/glossar\/?letter=e\">E<\/a><a class=\"lnletter-f ln-serv-letter\" data-letter-count=\"1\" data-letter=\"f\" href=\"https:\/\/www.pickplace.de\/en\/glossar\/?letter=f\">F<\/a><a class=\"lnletter-g ln-serv-letter\" data-letter-count=\"1\" data-letter=\"g\" href=\"https:\/\/www.pickplace.de\/en\/glossar\/?letter=g\">G<\/a><a class=\"lnletter-h ln-serv-letter ln-disabled\" data-letter-count=\"0\" data-letter=\"h\" href=\"https:\/\/www.pickplace.de\/en\/glossar\/?letter=h\">H<\/a><a class=\"lnletter-i ln-serv-letter\" data-letter-count=\"1\" data-letter=\"i\" href=\"https:\/\/www.pickplace.de\/en\/glossar\/?letter=i\">I<\/a><a class=\"lnletter-j ln-serv-letter ln-disabled\" data-letter-count=\"0\" data-letter=\"j\" href=\"https:\/\/www.pickplace.de\/en\/glossar\/?letter=j\">J<\/a><a class=\"lnletter-k ln-serv-letter ln-disabled\" data-letter-count=\"0\" data-letter=\"k\" href=\"https:\/\/www.pickplace.de\/en\/glossar\/?letter=k\">K<\/a><a class=\"lnletter-l ln-serv-letter ln-disabled\" data-letter-count=\"0\" data-letter=\"l\" href=\"https:\/\/www.pickplace.de\/en\/glossar\/?letter=l\">L<\/a><a class=\"lnletter-m ln-serv-letter\" data-letter-count=\"3\" data-letter=\"m\" href=\"https:\/\/www.pickplace.de\/en\/glossar\/?letter=m\">M<\/a><a class=\"lnletter-n ln-serv-letter ln-disabled\" data-letter-count=\"0\" data-letter=\"n\" href=\"https:\/\/www.pickplace.de\/en\/glossar\/?letter=n\">N<\/a><a class=\"lnletter-o ln-serv-letter\" data-letter-count=\"1\" data-letter=\"o\" href=\"https:\/\/www.pickplace.de\/en\/glossar\/?letter=o\">O<\/a><a class=\"lnletter-p ln-serv-letter\" data-letter-count=\"2\" data-letter=\"p\" href=\"https:\/\/www.pickplace.de\/en\/glossar\/?letter=p\">P<\/a><a class=\"lnletter-q ln-serv-letter ln-disabled\" data-letter-count=\"0\" data-letter=\"q\" href=\"https:\/\/www.pickplace.de\/en\/glossar\/?letter=q\">Q<\/a><a class=\"lnletter-r ln-serv-letter\" data-letter-count=\"1\" data-letter=\"r\" href=\"https:\/\/www.pickplace.de\/en\/glossar\/?letter=r\">R<\/a><a class=\"lnletter-s ln-serv-letter\" data-letter-count=\"4\" data-letter=\"s\" href=\"https:\/\/www.pickplace.de\/en\/glossar\/?letter=s\">S<\/a><a class=\"lnletter-t ln-serv-letter\" data-letter-count=\"1\" data-letter=\"t\" href=\"https:\/\/www.pickplace.de\/en\/glossar\/?letter=t\">T<\/a><a class=\"lnletter-u ln-serv-letter\" data-letter-count=\"1\" data-letter=\"u\" href=\"https:\/\/www.pickplace.de\/en\/glossar\/?letter=u\">U<\/a><a class=\"lnletter-v ln-serv-letter\" data-letter-count=\"1\" data-letter=\"v\" href=\"https:\/\/www.pickplace.de\/en\/glossar\/?letter=v\">V<\/a><a class=\"lnletter-w ln-serv-letter ln-disabled\" data-letter-count=\"0\" data-letter=\"w\" href=\"https:\/\/www.pickplace.de\/en\/glossar\/?letter=w\">W<\/a><a class=\"lnletter-x ln-serv-letter ln-disabled\" data-letter-count=\"0\" data-letter=\"x\" href=\"https:\/\/www.pickplace.de\/en\/glossar\/?letter=x\">X<\/a><a class=\"lnletter-y ln-serv-letter ln-disabled\" data-letter-count=\"0\" data-letter=\"y\" href=\"https:\/\/www.pickplace.de\/en\/glossar\/?letter=y\">Y<\/a><a class=\"lnletter-z ln-serv-letter ln-last ln-disabled\" data-letter-count=\"0\" data-letter=\"z\" href=\"https:\/\/www.pickplace.de\/en\/glossar\/?letter=z\">Z<\/a><\/div><\/div><ul class=\"glossaryList\" role=\"tablist\" id=\"glossaryList\" itemscope itemtype=\"https:\/\/schema.org\/DefinedTermSet\"><li class=\"\" itemscope itemtype=\"https:\/\/schema.org\/DefinedTerm\"><a href=\"https:\/\/www.pickplace.de\/en\/glossar\/bga\/\" role=\"term\" class=\"glossaryLink glossary-link-title \" style=\"\" itemprop=\"url\"><span itemprop=\"name\">BGA<\/span><\/a><\/li><li class=\"\" itemscope itemtype=\"https:\/\/schema.org\/DefinedTerm\"><a href=\"https:\/\/www.pickplace.de\/en\/glossar\/ci-cd\/\" role=\"term\" class=\"glossaryLink glossary-link-title \" style=\"\" itemprop=\"url\"><span itemprop=\"name\">CI\/CD<\/span><\/a><\/li><li class=\"\" itemscope itemtype=\"https:\/\/schema.org\/DefinedTerm\"><a href=\"https:\/\/www.pickplace.de\/en\/glossar\/code-coverage\/\" role=\"term\" class=\"glossaryLink glossary-link-title \" style=\"\" itemprop=\"url\"><span itemprop=\"name\">Code Coverage<\/span><\/a><\/li><li class=\"\" itemscope itemtype=\"https:\/\/schema.org\/DefinedTerm\"><a href=\"https:\/\/www.pickplace.de\/en\/glossar\/ddos\/\" role=\"term\" class=\"glossaryLink glossary-link-title \" style=\"\" itemprop=\"url\"><span itemprop=\"name\">DDoS<\/span><\/a><\/li><li class=\"\" itemscope itemtype=\"https:\/\/schema.org\/DefinedTerm\"><a href=\"https:\/\/www.pickplace.de\/en\/glossar\/embedded-software\/\" role=\"term\" class=\"glossaryLink glossary-link-title \" style=\"\" itemprop=\"url\"><span itemprop=\"name\">Embedded Software<\/span><\/a><\/li><li class=\"\" itemscope itemtype=\"https:\/\/schema.org\/DefinedTerm\"><a href=\"https:\/\/www.pickplace.de\/en\/glossar\/ems\/\" role=\"term\" class=\"glossaryLink glossary-link-title \" style=\"\" itemprop=\"url\"><span itemprop=\"name\">EMS<\/span><\/a><\/li><li class=\"\" itemscope itemtype=\"https:\/\/schema.org\/DefinedTerm\"><a href=\"https:\/\/www.pickplace.de\/en\/glossar\/esp32\/\" role=\"term\" class=\"glossaryLink glossary-link-title \" style=\"\" itemprop=\"url\"><span itemprop=\"name\">ESP32<\/span><\/a><\/li><li class=\"\" itemscope itemtype=\"https:\/\/schema.org\/DefinedTerm\"><a href=\"https:\/\/www.pickplace.de\/en\/glossar\/fpga\/\" role=\"term\" class=\"glossaryLink glossary-link-title \" style=\"\" itemprop=\"url\"><span itemprop=\"name\">FPGA<\/span><\/a><\/li><li class=\"\" itemscope itemtype=\"https:\/\/schema.org\/DefinedTerm\"><a href=\"https:\/\/www.pickplace.de\/en\/glossar\/gpio\/\" role=\"term\" class=\"glossaryLink glossary-link-title \" style=\"\" itemprop=\"url\"><span itemprop=\"name\">GPIO<\/span><\/a><\/li><li class=\"\" itemscope itemtype=\"https:\/\/schema.org\/DefinedTerm\"><a href=\"https:\/\/www.pickplace.de\/en\/glossar\/itar\/\" role=\"term\" class=\"glossaryLink glossary-link-title \" style=\"\" itemprop=\"url\"><span itemprop=\"name\">ITAR<\/span><\/a><\/li><li class=\"\" itemscope itemtype=\"https:\/\/schema.org\/DefinedTerm\"><a href=\"https:\/\/www.pickplace.de\/en\/glossar\/mikrocontroller\/\" role=\"term\" class=\"glossaryLink glossary-link-title \" style=\"\" itemprop=\"url\"><span itemprop=\"name\">Mikrocontroller<\/span><\/a><\/li><li class=\"\" itemscope itemtype=\"https:\/\/schema.org\/DefinedTerm\"><a href=\"https:\/\/www.pickplace.de\/en\/glossar\/mil\/\" role=\"term\" class=\"glossaryLink glossary-link-title \" style=\"\" itemprop=\"url\"><span itemprop=\"name\">MIL<\/span><\/a><\/li><li class=\"\" itemscope itemtype=\"https:\/\/schema.org\/DefinedTerm\"><a href=\"https:\/\/www.pickplace.de\/en\/glossar\/mpsoc\/\" role=\"term\" class=\"glossaryLink glossary-link-title \" style=\"\" itemprop=\"url\"><span itemprop=\"name\">MPSoC<\/span><\/a><\/li><li class=\"\" itemscope itemtype=\"https:\/\/schema.org\/DefinedTerm\"><a href=\"https:\/\/www.pickplace.de\/en\/glossar\/obsoleszenz\/\" role=\"term\" class=\"glossaryLink glossary-link-title \" style=\"\" itemprop=\"url\"><span itemprop=\"name\">Obsoleszenz<\/span><\/a><\/li><li class=\"\" itemscope itemtype=\"https:\/\/schema.org\/DefinedTerm\"><a href=\"https:\/\/www.pickplace.de\/en\/glossar\/pcb\/\" role=\"term\" class=\"glossaryLink glossary-link-title \" style=\"\" itemprop=\"url\"><span itemprop=\"name\">PCB<\/span><\/a><\/li><li class=\"\" itemscope itemtype=\"https:\/\/schema.org\/DefinedTerm\"><a href=\"https:\/\/www.pickplace.de\/en\/glossar\/pmic\/\" role=\"term\" class=\"glossaryLink glossary-link-title \" style=\"\" itemprop=\"url\"><span itemprop=\"name\">PMIC<\/span><\/a><\/li><li class=\"\" itemscope itemtype=\"https:\/\/schema.org\/DefinedTerm\"><a href=\"https:\/\/www.pickplace.de\/en\/glossar\/rtos\/\" role=\"term\" class=\"glossaryLink glossary-link-title \" style=\"\" itemprop=\"url\"><span itemprop=\"name\">RTOS<\/span><\/a><\/li><li class=\"\" itemscope itemtype=\"https:\/\/schema.org\/DefinedTerm\"><a href=\"https:\/\/www.pickplace.de\/en\/glossar\/sbc\/\" role=\"term\" class=\"glossaryLink glossary-link-title \" style=\"\" itemprop=\"url\"><span itemprop=\"name\">SBC<\/span><\/a><\/li><li class=\"\" itemscope itemtype=\"https:\/\/schema.org\/DefinedTerm\"><a href=\"https:\/\/www.pickplace.de\/en\/glossar\/schematics\/\" role=\"term\" class=\"glossaryLink glossary-link-title \" style=\"\" itemprop=\"url\"><span itemprop=\"name\">Schematics<\/span><\/a><\/li><li class=\"\" itemscope itemtype=\"https:\/\/schema.org\/DefinedTerm\"><a href=\"https:\/\/www.pickplace.de\/en\/glossar\/steuergeraet\/\" role=\"term\" class=\"glossaryLink glossary-link-title \" style=\"\" itemprop=\"url\"><span itemprop=\"name\">Steuerger&#xE4;t<\/span><\/a><\/li><li class=\"\" itemscope itemtype=\"https:\/\/schema.org\/DefinedTerm\"><a href=\"https:\/\/www.pickplace.de\/en\/glossar\/stm32\/\" role=\"term\" class=\"glossaryLink glossary-link-title \" style=\"\" itemprop=\"url\"><span itemprop=\"name\">STM32<\/span><\/a><\/li><li class=\"\" itemscope itemtype=\"https:\/\/schema.org\/DefinedTerm\"><a href=\"https:\/\/www.pickplace.de\/en\/glossar\/teardrop\/\" role=\"term\" class=\"glossaryLink glossary-link-title \" style=\"\" itemprop=\"url\"><span itemprop=\"name\">Teardrop<\/span><\/a><\/li><li class=\"\" itemscope itemtype=\"https:\/\/schema.org\/DefinedTerm\"><a href=\"https:\/\/www.pickplace.de\/en\/glossar\/unit-test\/\" role=\"term\" class=\"glossaryLink glossary-link-title \" style=\"\" itemprop=\"url\"><span itemprop=\"name\">Unit Test<\/span><\/a><\/li><li class=\"\" itemscope itemtype=\"https:\/\/schema.org\/DefinedTerm\"><a href=\"https:\/\/www.pickplace.de\/en\/glossar\/via\/\" role=\"term\" class=\"glossaryLink glossary-link-title \" style=\"\" itemprop=\"url\"><span itemprop=\"name\">Via<\/span><\/a><\/li><\/ul><\/div><div class=\"clear clearfix cmtt-clearfix\"><\/div><\/div>\n<\/div><\/div><\/div>\n<\/div><\/div>\n","protected":false},"excerpt":{"rendered":"<p>Glossar Das PICKPLACE Embedded Glossar erkl\u00e4rt zentrale Begriffe aus der Entwicklung von Embedded Systems, Elektronik und Software. Es richtet sich an Entwickler, technische Projektleiter und Entscheider, die sich mit Mikrocontrollern, Hardwareentwicklung, Embedded Software und Systemarchitekturen besch\u00e4ftigen. Die Eintr\u00e4ge erl\u00e4utern technische Begriffe aus Bereichen wie Leiterplattenentwicklung (PCB), Mikrocontroller-Architekturen, Schnittstellen, Echtzeitsysteme, Embedded Software, Hardwaredesign sowie Test- und [&hellip;]<\/p>\n","protected":false},"author":1,"featured_media":0,"parent":0,"menu_order":0,"comment_status":"closed","ping_status":"closed","template":"","meta":{"footnotes":""},"class_list":["post-1227","page","type-page","status-publish","hentry"],"blocksy_meta":{"has_hero_section":"disabled","styles_descriptor":{"styles":{"desktop":"","tablet":"","mobile":""},"google_fonts":[],"version":6}},"_links":{"self":[{"href":"https:\/\/www.pickplace.de\/en\/wp-json\/wp\/v2\/pages\/1227","targetHints":{"allow":["GET"]}}],"collection":[{"href":"https:\/\/www.pickplace.de\/en\/wp-json\/wp\/v2\/pages"}],"about":[{"href":"https:\/\/www.pickplace.de\/en\/wp-json\/wp\/v2\/types\/page"}],"author":[{"embeddable":true,"href":"https:\/\/www.pickplace.de\/en\/wp-json\/wp\/v2\/users\/1"}],"replies":[{"embeddable":true,"href":"https:\/\/www.pickplace.de\/en\/wp-json\/wp\/v2\/comments?post=1227"}],"version-history":[{"count":5,"href":"https:\/\/www.pickplace.de\/en\/wp-json\/wp\/v2\/pages\/1227\/revisions"}],"predecessor-version":[{"id":1390,"href":"https:\/\/www.pickplace.de\/en\/wp-json\/wp\/v2\/pages\/1227\/revisions\/1390"}],"wp:attachment":[{"href":"https:\/\/www.pickplace.de\/en\/wp-json\/wp\/v2\/media?parent=1227"}],"curies":[{"name":"wp","href":"https:\/\/api.w.org\/{rel}","templated":true}]}}