{"id":1421,"date":"2026-03-06T20:41:38","date_gmt":"2026-03-06T20:41:38","guid":{"rendered":"https:\/\/pickplace-rtjzvn2oa4.live-website.com\/?page_id=1421"},"modified":"2026-03-09T13:15:28","modified_gmt":"2026-03-09T13:15:28","slug":"embedded-systems-schleswig-holstein","status":"publish","type":"page","link":"https:\/\/www.pickplace.de\/en\/embedded-systems-schleswig-holstein\/","title":{"rendered":"Embedded Systems Schleswig-Holstein"},"content":{"rendered":"<div class=\"wp-block-stackable-columns alignfull stk-block-columns stk-block stk-0f3050e\" data-block-id=\"0f3050e\"><style>.stk-0f3050e {margin-top:var(--stk--preset--spacing--70, 3.38rem) !important;margin-bottom:var(--stk--preset--spacing--70, 3.38rem) !important;}<\/style><div class=\"stk-row stk-inner-blocks stk-block-content stk-content-align stk-0f3050e-column alignwide\">\n<div class=\"wp-block-stackable-column stk-block-column stk-column stk-block stk-40a61f4\" data-v=\"4\" data-block-id=\"40a61f4\"><style>.stk-40a61f4 {align-self:center !important;}@media screen and (min-width:690px){.stk-40a61f4 {flex:var(--stk-flex-grow, 1) 1 calc(40% - var(--stk-column-gap, 0px) * 1 \/ 2 ) !important;}}<\/style><div class=\"stk-column-wrapper stk-block-column__content stk-container stk-40a61f4-container stk--no-background stk--no-padding\"><div class=\"stk-block-content stk-inner-blocks stk-40a61f4-inner-blocks\">\n<div class=\"wp-block-stackable-heading stk-block-heading stk-block-heading--v2 stk-block stk-f12c8e4\" id=\"heading-placeholder\" data-block-id=\"f12c8e4\"><h2 class=\"stk-block-heading__text\">Embedded Systems Schleswig-Holstein<\/h2><\/div>\n\n\n\n<div class=\"wp-block-stackable-text stk-block-text stk-block stk-0e29a23\" data-block-id=\"0e29a23\"><p class=\"stk-block-text__text\">Schleswig-Holstein verf&#xFC;gt &#xFC;ber eine starke Industrie im Bereich R&#xFC;stung, Maschinenbau und Industrieelektronik. Viele Unternehmen entwickeln spezialisierte Produkte mit Mikrocontrollern, Embedded Linux oder FPGA-Systemen &#x2013; von industriellen Messger&#xE4;ten &#xFC;ber Steuerungen bis hin zu sicherheitskritischer Elektronik.<\/p><\/div>\n<\/div><\/div><\/div>\n\n\n\n<div class=\"wp-block-stackable-column stk-block-column stk-column stk-block stk-33ed2d7\" data-v=\"4\" data-block-id=\"33ed2d7\"><style>@media screen and (min-width:690px){.stk-33ed2d7 {flex:var(--stk-flex-grow, 1) 1 calc(60% - var(--stk-column-gap, 0px) * 1 \/ 2 ) !important;}}<\/style><div class=\"stk-column-wrapper stk-block-column__content stk-container stk-33ed2d7-container stk--no-background stk--no-padding\"><div class=\"stk-block-content stk-inner-blocks stk-33ed2d7-inner-blocks\">\n<div class=\"wp-block-stackable-columns stk-block-columns stk-block stk-855449a\" data-block-id=\"855449a\"><div class=\"stk-row stk-inner-blocks stk-block-content stk-content-align stk-855449a-column\">\n<div class=\"wp-block-stackable-column stk-block-column stk-column stk-block stk-0606802\" data-v=\"4\" data-block-id=\"0606802\"><div class=\"stk-column-wrapper stk-block-column__content stk-container stk-0606802-container stk--no-background stk--no-padding\"><div class=\"stk-block-content stk-inner-blocks stk-0606802-inner-blocks\">\n<div class=\"wp-block-stackable-image stk-block-image stk-block stk-3b04503\" data-block-id=\"3b04503\"><style>.stk-3b04503 {border-top-left-radius:var(--stk--preset--border-radius--xx-large, 32px) !important;border-top-right-radius:var(--stk--preset--border-radius--xx-large, 32px) !important;border-bottom-right-radius:var(--stk--preset--border-radius--xx-large, 32px) !important;border-bottom-left-radius:var(--stk--preset--border-radius--xx-large, 32px) !important;overflow:hidden !important;}.stk-3b04503 .stk-img-wrapper{aspect-ratio:2\/3 !important;height:auto !important;}@media screen and (max-width:999px){.stk-3b04503 .stk-img-wrapper{height:auto !important;}}@media screen and (max-width:689px){.stk-3b04503 .stk-img-wrapper{height:auto !important;}}<\/style><figure><span class=\"stk-img-wrapper stk-image--shape-stretch\"><img loading=\"lazy\" decoding=\"async\" class=\"stk-img wp-image-1422\" src=\"https:\/\/pickplace-rtjzvn2oa4.live-website.com\/wp-content\/uploads\/2026\/03\/katharina-bill-DYhxrL1nky4-unsplash-scaled.jpg\" width=\"1707\" height=\"2560\" alt=\"Embedded Systems Schleswig-Holstein, Dienstleister in Hamburg und Kiel \" srcset=\"https:\/\/www.pickplace.de\/wp-content\/uploads\/2026\/03\/katharina-bill-DYhxrL1nky4-unsplash-scaled.jpg 1707w, https:\/\/www.pickplace.de\/wp-content\/uploads\/2026\/03\/katharina-bill-DYhxrL1nky4-unsplash-200x300.jpg 200w, https:\/\/www.pickplace.de\/wp-content\/uploads\/2026\/03\/katharina-bill-DYhxrL1nky4-unsplash-683x1024.jpg 683w, https:\/\/www.pickplace.de\/wp-content\/uploads\/2026\/03\/katharina-bill-DYhxrL1nky4-unsplash-768x1152.jpg 768w, https:\/\/www.pickplace.de\/wp-content\/uploads\/2026\/03\/katharina-bill-DYhxrL1nky4-unsplash-1024x1536.jpg 1024w, https:\/\/www.pickplace.de\/wp-content\/uploads\/2026\/03\/katharina-bill-DYhxrL1nky4-unsplash-1365x2048.jpg 1365w, https:\/\/www.pickplace.de\/wp-content\/uploads\/2026\/03\/katharina-bill-DYhxrL1nky4-unsplash-8x12.jpg 8w\" sizes=\"auto, (max-width: 1707px) 100vw, 1707px\"\/><\/span><\/figure><\/div>\n<\/div><\/div><\/div>\n\n\n\n<div class=\"wp-block-stackable-column stk-block-column stk-column stk-block stk-b785062\" data-v=\"4\" data-block-id=\"b785062\"><style>.stk-b785062 {margin-top:50px !important;}<\/style><div class=\"stk-column-wrapper stk-block-column__content stk-container stk-b785062-container stk--no-background stk--no-padding\"><div class=\"stk-block-content stk-inner-blocks stk-b785062-inner-blocks\">\n<div class=\"wp-block-stackable-image stk-block-image stk-block stk-e5f1e22\" data-block-id=\"e5f1e22\"><style>.stk-e5f1e22 {border-top-left-radius:var(--stk--preset--border-radius--xx-large, 32px) !important;border-top-right-radius:var(--stk--preset--border-radius--xx-large, 32px) !important;border-bottom-right-radius:var(--stk--preset--border-radius--xx-large, 32px) !important;border-bottom-left-radius:var(--stk--preset--border-radius--xx-large, 32px) !important;overflow:hidden !important;}.stk-e5f1e22 .stk-img-wrapper{aspect-ratio:2\/3 !important;height:auto !important;}@media screen and (max-width:999px){.stk-e5f1e22 .stk-img-wrapper{height:auto !important;}}@media screen and (max-width:689px){.stk-e5f1e22 .stk-img-wrapper{height:auto !important;}}<\/style><figure><span class=\"stk-img-wrapper stk-image--shape-stretch\"><img loading=\"lazy\" decoding=\"async\" class=\"stk-img wp-image-1428\" src=\"https:\/\/pickplace-rtjzvn2oa4.live-website.com\/wp-content\/uploads\/2026\/03\/datingjungle-unZkVR-iLn0-unsplash-2.jpg\" width=\"150\" height=\"300\"\/><\/span><\/figure><\/div>\n<\/div><\/div><\/div>\n<\/div><\/div>\n<\/div><\/div><\/div>\n<\/div><\/div>\n\n\n\n<div class=\"wp-block-stackable-spacer stk-block-spacer stk--no-padding stk-block stk-e8438e4\" data-block-id=\"e8438e4\"><style>.stk-e8438e4 {height:150px !important;}<\/style><\/div>\n\n\n\n<div class=\"wp-block-stackable-columns stk-block-columns stk-block stk-2ef8d74\" data-block-id=\"2ef8d74\"><style>.stk-2ef8d74 .stk--block-align-2ef8d74{align-items:center !important;}.stk-2ef8d74 {margin-bottom:0px !important;}.stk-2ef8d74-column{--stk-column-gap:70px !important;row-gap:50px !important;}<\/style><div class=\"stk-row stk-inner-blocks stk--block-align-2ef8d74 stk-block-content stk-content-align stk-2ef8d74-column\">\n<div class=\"wp-block-stackable-column stk-block-column stk-column stk-block stk-b3ddcb3\" data-v=\"4\" data-block-id=\"b3ddcb3\"><style>.stk-b3ddcb3-container{margin-top:0px !important;margin-right:0px !important;margin-bottom:0px !important;margin-left:0px !important;}<\/style><div class=\"stk-column-wrapper stk-block-column__content stk-container stk-b3ddcb3-container stk--no-background stk--no-padding\"><div class=\"has-text-align-center-mobile stk-block-content stk-inner-blocks stk-b3ddcb3-inner-blocks\">\n<div class=\"wp-block-stackable-spacer stk-block-spacer stk--no-padding stk-block stk-2fbd800 stk-block-background stk--has-background-overlay\" data-block-id=\"2fbd800\"><style>.stk-2fbd800 {height:400px !important;background-image:url(https:\/\/pickplace-rtjzvn2oa4.live-website.com\/wp-content\/uploads\/2026\/03\/christian-lendl-kbrY3LdAYGo-unsplash-1.jpg) !important;border-top-left-radius:var(--stk--preset--border-radius--xx-large, 32px) !important;border-top-right-radius:var(--stk--preset--border-radius--xx-large, 32px) !important;border-bottom-right-radius:var(--stk--preset--border-radius--xx-large, 32px) !important;border-bottom-left-radius:var(--stk--preset--border-radius--xx-large, 32px) !important;overflow:hidden !important;}<\/style><\/div>\n<\/div><\/div><\/div>\n\n\n\n<div class=\"wp-block-stackable-column stk-block-column stk-column stk-block stk-425a78d\" data-v=\"4\" data-block-id=\"425a78d\"><style>.stk-425a78d-container{margin-top:0px !important;margin-right:0px !important;margin-bottom:0px !important;margin-left:0px !important;}@media screen and (max-width:999px){.stk-425a78d-container{padding-left:0px !important;}}@media screen and (max-width:689px){.stk-425a78d-container{padding-left:0px !important;}}<\/style><div class=\"stk-column-wrapper stk-block-column__content stk-container stk-425a78d-container stk--no-background stk--no-padding\"><div class=\"has-text-align-center-mobile stk-block-content stk-inner-blocks stk-425a78d-inner-blocks\">\n<div class=\"wp-block-stackable-heading stk-block-heading stk-block-heading--v2 stk-block stk-cab0231\" id=\"embedded-systems-aus-dem-echten-norden\" data-block-id=\"cab0231\"><style>.stk-cab0231 {margin-bottom:8px !important;}.stk-cab0231 .stk-block-heading__text{line-height:1.5em !important;font-weight:800 !important;}@media screen and (max-width:999px){.stk-cab0231 .stk-block-heading__text{font-size:30px !important;}}@media screen and (max-width:689px){.stk-cab0231 .stk-block-heading__text{font-size:25px !important;}}<\/style><h2 class=\"stk-block-heading__text\">Embedded Systems aus dem echten Norden<\/h2><\/div>\n\n\n\n<div class=\"wp-block-stackable-text stk-block-text stk-block stk-15dcdba\" data-block-id=\"15dcdba\"><style>.stk-15dcdba {margin-bottom:8px !important;}@media screen and (max-width:689px){.stk-15dcdba {margin-bottom:35px !important;}}<\/style><p class=\"stk-block-text__text\">PICKPLACE arbeitet seit vielen Jahren mit Unternehmen aus Schleswig-Holstein zusammen und unterst&#xFC;tzt bei der Entwicklung von Embedded Systems, Elektronik und Software.<\/p><\/div>\n\n\n\n<div class=\"wp-block-stackable-text stk-block-text stk-block stk-bb8f6b3\" data-block-id=\"bb8f6b3\"><p class=\"stk-block-text__text\">Ein gro&#xDF;er Teil unserer Kunden sitzt in <strong>Kiel, Wedel, Norderstedt und Flensburg<\/strong>. Unser Standort befindet sich direkt am <strong>Hamburger Stadtrand an der Grenze zum Kreis Pinneberg<\/strong>. Dadurch sind wir schnell bei unseren Kunden in ganz Schleswig-Holstein &#x2013; egal ob f&#xFC;r Workshops, Abstimmungen oder gemeinsame Entwicklungsarbeit.<\/p><\/div>\n\n\n\n<p>PICKPLACE entwickelt Elektronik und <a class=\"glossaryLink\"  aria-describedby=\"tt\"  data-cmtooltip=\"cmtt_e7cfd26b192bb2977fae6bc5dc38b507\"  href=\"https:\/\/www.pickplace.de\/de\/glossar\/embedded-software\/\"  data-gt-translate-attributes='[{\"attribute\":\"data-cmtooltip\", \"format\":\"html\"}]' tabindex='0' role='link'>Embedded Software<\/a> f&uuml;r industrielle Produkte. Dazu geh&ouml;ren sowohl komplette Neuentwicklungen als auch Erweiterungen bestehender Ger&auml;te.<\/p>\n\n\n\n<div class=\"wp-block-stackable-icon-list stk-block-icon-list has-text-color stk-block stk-7be197c\" data-block-id=\"7be197c\"><style>.stk-7be197c {--stk-icon-list-column-count:1 !important;--stk-icon-list-row-gap:12px !important;}.stk-7be197c ul li, .stk-7be197c ol li, .stk-7be197c ul li span, .stk-7be197c ol li span{color:var(--theme-palette-color-8, #0F7173) !important;}<\/style><svg style=\"display:none\"><defs><g id=\"stk-icon-list__icon-svg-def-7be197c\"><svg xmlns=\"http:\/\/www.w3.org\/2000\/svg\" viewbox=\"0 0 512 512\"><path d=\"M470.6 278.6c12.5-12.5 12.5-32.8 0-45.3l-160-160c-12.5-12.5-32.8-12.5-45.3 0s-12.5 32.8 0 45.3L402.7 256 265.4 393.4c-12.5 12.5-12.5 32.8 0 45.3s32.8 12.5 45.3 0l160-160zm-352 160l160-160c12.5-12.5 12.5-32.8 0-45.3l-160-160c-12.5-12.5-32.8-12.5-45.3 0s-12.5 32.8 0 45.3L210.7 256 73.4 393.4c-12.5 12.5-12.5 32.8 0 45.3s32.8 12.5 45.3 0z\"><\/path><\/svg><\/g><\/defs><\/svg><ul class=\"stk-block-icon-list__ul stk-block-icon-list--column\">\n<li class=\"wp-block-stackable-icon-list-item stk-block-icon-list-item stk-block stk-927169d\" data-block-id=\"927169d\"><div class=\"stk-block-icon-list-item__content\"><span class=\"stk--svg-wrapper\"><div class=\"stk--inner-svg\"><svg aria-hidden=\"true\" width=\"32\" height=\"32\"><use xlink:href=\"#stk-icon-list__icon-svg-def-7be197c\"><\/use><\/svg><\/div><\/span><span class=\"stk-block-icon-list-item__text\">Entwicklung von Mikrocontroller-basierter Hardware<\/span><\/div><\/li>\n\n\n\n<li class=\"wp-block-stackable-icon-list-item stk-block-icon-list-item stk-block stk-1b0d910\" data-block-id=\"1b0d910\"><div class=\"stk-block-icon-list-item__content\"><span class=\"stk--svg-wrapper\"><div class=\"stk--inner-svg\"><svg aria-hidden=\"true\" width=\"32\" height=\"32\"><use xlink:href=\"#stk-icon-list__icon-svg-def-7be197c\"><\/use><\/svg><\/div><\/span><span class=\"stk-block-icon-list-item__text\"><a class=\"glossaryLink\"  aria-describedby=\"tt\"  data-cmtooltip=\"cmtt_e7cfd26b192bb2977fae6bc5dc38b507\"  href=\"https:\/\/www.pickplace.de\/de\/glossar\/embedded-software\/\"  data-gt-translate-attributes='[{\"attribute\":\"data-cmtooltip\", \"format\":\"html\"}]' tabindex='0' role='link'>Embedded Software<\/a> in C und C++<\/span><\/div><\/li>\n\n\n\n<li class=\"wp-block-stackable-icon-list-item stk-block-icon-list-item stk-block stk-83fe171\" data-block-id=\"83fe171\"><div class=\"stk-block-icon-list-item__content\"><span class=\"stk--svg-wrapper\"><div class=\"stk--inner-svg\"><svg aria-hidden=\"true\" width=\"32\" height=\"32\"><use xlink:href=\"#stk-icon-list__icon-svg-def-7be197c\"><\/use><\/svg><\/div><\/span><span class=\"stk-block-icon-list-item__text\">FPGA- und DSP-Entwicklung<\/span><\/div><\/li>\n\n\n\n<li class=\"wp-block-stackable-icon-list-item stk-block-icon-list-item stk-block stk-c4c144d\" data-block-id=\"c4c144d\"><div class=\"stk-block-icon-list-item__content\"><span class=\"stk--svg-wrapper\"><div class=\"stk--inner-svg\"><svg aria-hidden=\"true\" width=\"32\" height=\"32\"><use xlink:href=\"#stk-icon-list__icon-svg-def-7be197c\"><\/use><\/svg><\/div><\/span><span class=\"stk-block-icon-list-item__text\">Sensorik- und Aktor-Integration<\/span><\/div><\/li>\n\n\n\n<li class=\"wp-block-stackable-icon-list-item stk-block-icon-list-item stk-block stk-d32a1ab\" data-block-id=\"d32a1ab\"><div class=\"stk-block-icon-list-item__content\"><span class=\"stk--svg-wrapper\"><div class=\"stk--inner-svg\"><svg aria-hidden=\"true\" width=\"32\" height=\"32\"><use xlink:href=\"#stk-icon-list__icon-svg-def-7be197c\"><\/use><\/svg><\/div><\/span><span class=\"stk-block-icon-list-item__text\">Plattform- und Systementwicklung<\/span><\/div><\/li>\n\n\n\n<li class=\"wp-block-stackable-icon-list-item stk-block-icon-list-item stk-block stk-240e97b\" data-block-id=\"240e97b\"><div class=\"stk-block-icon-list-item__content\"><span class=\"stk--svg-wrapper\"><div class=\"stk--inner-svg\"><svg aria-hidden=\"true\" width=\"32\" height=\"32\"><use xlink:href=\"#stk-icon-list__icon-svg-def-7be197c\"><\/use><\/svg><\/div><\/span><span class=\"stk-block-icon-list-item__text\">Portierung und Refactoring bestehender Systeme<\/span><\/div><\/li>\n\n\n\n<li class=\"wp-block-stackable-icon-list-item stk-block-icon-list-item stk-block stk-f900ebf\" data-block-id=\"f900ebf\"><div class=\"stk-block-icon-list-item__content\"><span class=\"stk--svg-wrapper\"><div class=\"stk--inner-svg\"><svg aria-hidden=\"true\" width=\"32\" height=\"32\"><use xlink:href=\"#stk-icon-list__icon-svg-def-7be197c\"><\/use><\/svg><\/div><\/span><span class=\"stk-block-icon-list-item__text\">Cyber Security und funktionale Sicherheit in Embedded-Systemen<\/span><\/div><\/li>\n<\/ul><\/div>\n<\/div><\/div><\/div>\n<\/div><\/div>\n\n\n\n<div class=\"wp-block-stackable-spacer stk-block-spacer stk--no-padding stk-block stk-5e42f4e\" data-block-id=\"5e42f4e\"><style>.stk-5e42f4e {height:150px !important;}<\/style><\/div>\n\n\n\n<div class=\"wp-block-stackable-columns stk-block-columns stk-block stk-55a97cd\" data-block-id=\"55a97cd\"><style>.stk-55a97cd .stk--block-align-55a97cd{align-items:center !important;}.stk-55a97cd {margin-bottom:0px !important;}.stk-55a97cd-column{--stk-column-gap:70px !important;row-gap:50px !important;}<\/style><div class=\"stk-row stk-inner-blocks stk--block-align-55a97cd stk-block-content stk-content-align stk-55a97cd-column\">\n<div class=\"wp-block-stackable-column stk-block-column stk-column stk-block stk-320f024\" data-v=\"4\" data-block-id=\"320f024\"><style>.stk-320f024-container{margin-top:0px !important;margin-right:0px !important;margin-bottom:0px !important;margin-left:0px !important;}@media screen and (max-width:999px){.stk-320f024-container{padding-left:0px !important;}}@media screen and (max-width:689px){.stk-320f024-container{padding-left:0px !important;}}<\/style><div class=\"stk-column-wrapper stk-block-column__content stk-container stk-320f024-container stk--no-background stk--no-padding\"><div class=\"has-text-align-center-mobile stk-block-content stk-inner-blocks stk-320f024-inner-blocks\">\n<div class=\"wp-block-stackable-heading stk-block-heading stk-block-heading--v2 stk-block stk-828b2b2\" id=\"nahe-zu-unseren-kunden-in-schleswig-holstein\" data-block-id=\"828b2b2\"><style>.stk-828b2b2 {margin-bottom:8px !important;}.stk-828b2b2 .stk-block-heading__text{line-height:1.5em !important;font-weight:800 !important;}@media screen and (max-width:999px){.stk-828b2b2 .stk-block-heading__text{font-size:30px !important;}}@media screen and (max-width:689px){.stk-828b2b2 .stk-block-heading__text{font-size:25px !important;}}<\/style><h2 class=\"stk-block-heading__text\">N&#xE4;he zu unseren Kunden in Schleswig-Holstein<\/h2><\/div>\n\n\n\n<div class=\"wp-block-stackable-text stk-block-text stk-block stk-022fbf5\" data-block-id=\"022fbf5\"><style>.stk-022fbf5 {margin-bottom:20px !important;}@media screen and (max-width:689px){.stk-022fbf5 {margin-bottom:35px !important;}}<\/style><p class=\"stk-block-text__text\">Unser B&#xFC;ro liegt direkt am <strong>Hamburger Stadtrand im Westen<\/strong>, unmittelbar an der Grenze zum <strong>Kreis Pinneberg<\/strong>. Dadurch sind wir innerhalb kurzer Zeit bei Kunden in vielen Regionen Schleswig-Holsteins.<\/p><\/div>\n\n\n\n<p>Typische Fahrtzeiten:<\/p>\n\n\n\n<ul class=\"wp-block-list\">\n<li>Kiel: ca. 1 Stunde<\/li>\n\n\n\n<li>Wedel: wenige Minuten<\/li>\n\n\n\n<li>Norderstedt: ca. 30 Minuten<\/li>\n\n\n\n<li>Flensburg: ca. 2 Stunden<\/li>\n<\/ul>\n\n\n\n<p>Diese regionale N&#xE4;he erm&#xF6;glicht Workshops, Architektur-Reviews oder technische Abstimmungen auch kurzfristig vor Ort. Viele unserer Projekte entstehen aus langfristigen Kooperationen mit Entwicklungsabteilungen aus der Region.<\/p>\n<\/div><\/div><\/div>\n\n\n\n<div class=\"wp-block-stackable-column stk-block-column stk-column stk-block stk-2ea23e1\" data-v=\"4\" data-block-id=\"2ea23e1\"><style>.stk-2ea23e1-container{margin-top:0px !important;margin-right:0px !important;margin-bottom:0px !important;margin-left:0px !important;}<\/style><div class=\"stk-column-wrapper stk-block-column__content stk-container stk-2ea23e1-container stk--no-background stk--no-padding\"><div class=\"has-text-align-center-mobile stk-block-content stk-inner-blocks stk-2ea23e1-inner-blocks\">\n<div class=\"wp-block-stackable-map stk-block-map stk--uses-api-key stk-block stk-7792666\" data-block-id=\"7792666\"><style>.stk-7792666 {border-top-left-radius:var(--stk--preset--border-radius--xx-large, 32px) !important;border-top-right-radius:var(--stk--preset--border-radius--xx-large, 32px) !important;border-bottom-right-radius:var(--stk--preset--border-radius--xx-large, 32px) !important;border-bottom-left-radius:var(--stk--preset--border-radius--xx-large, 32px) !important;overflow:hidden !important;}<\/style><div data-map-options='{\"center\":{\"lat\":53.5805968,\"lng\":9.849802},\"zoom\":12,\"styles\":[{\"elementType\":\"geometry\",\"stylers\":[{\"color\":\"#f5f5f5\"}]},{\"elementType\":\"labels.icon\",\"stylers\":[{\"visibility\":\"off\"}]},{\"elementType\":\"labels.text.fill\",\"stylers\":[{\"color\":\"#616161\"}]},{\"elementType\":\"labels.text.stroke\",\"stylers\":[{\"color\":\"#f5f5f5\"}]},{\"featureType\":\"administrative.land_parcel\",\"elementType\":\"labels.text.fill\",\"stylers\":[{\"color\":\"#bdbdbd\"}]},{\"featureType\":\"poi\",\"elementType\":\"geometry\",\"stylers\":[{\"color\":\"#eeeeee\"}]},{\"featureType\":\"poi\",\"elementType\":\"labels.text.fill\",\"stylers\":[{\"color\":\"#757575\"}]},{\"featureType\":\"poi.park\",\"elementType\":\"geometry\",\"stylers\":[{\"color\":\"#e5e5e5\"}]},{\"featureType\":\"poi.park\",\"elementType\":\"labels.text.fill\",\"stylers\":[{\"color\":\"#9e9e9e\"}]},{\"featureType\":\"road\",\"elementType\":\"geometry\",\"stylers\":[{\"color\":\"#ffffff\"}]},{\"featureType\":\"road.arterial\",\"elementType\":\"labels.text.fill\",\"stylers\":[{\"color\":\"#757575\"}]},{\"featureType\":\"road.highway\",\"elementType\":\"geometry\",\"stylers\":[{\"color\":\"#dadada\"}]},{\"featureType\":\"road.highway\",\"elementType\":\"labels.text.fill\",\"stylers\":[{\"color\":\"#616161\"}]},{\"featureType\":\"road.local\",\"elementType\":\"labels.text.fill\",\"stylers\":[{\"color\":\"#9e9e9e\"}]},{\"featureType\":\"transit.line\",\"elementType\":\"geometry\",\"stylers\":[{\"color\":\"#e5e5e5\"}]},{\"featureType\":\"transit.station\",\"elementType\":\"geometry\",\"stylers\":[{\"color\":\"#eeeeee\"}]},{\"featureType\":\"water\",\"elementType\":\"geometry\",\"stylers\":[{\"color\":\"#c9c9c9\"}]},{\"featureType\":\"water\",\"elementType\":\"labels.text.fill\",\"stylers\":[{\"color\":\"#9e9e9e\"}]}],\"gestureHandling\":\"none\",\"fullscreenControl\":false,\"mapTypeControl\":false,\"streetViewControl\":false,\"zoomControl\":false}' data-marker-options='{\"position\":{\"lat\":53.5805968,\"lng\":9.849802},\"title\":\"Brandst&#xFC;cken 24, 22549 Hamburg, Deutschland\"}' data-icon-options='{\"url\":\"data:image\/svg+xml;base64,PHN2ZyB4bWxucz0iaHR0cDovL3d3dy53My5vcmcvMjAwMC9zdmciIHZpZXdCb3g9IjAgMCAzODQgNTEyIiBoZWlnaHQ9IjQwIiB3aWR0aD0iNDAiIHN0eWxlPSJjb2xvcjogIzAwMDAwMDsgb3BhY2l0eTogMSIgdHJhbnNmb3JtPSJyb3RhdGUoMCkiPjxwYXRoIGQ9Ik0yMTUuNyA0OTkuMkMyNjcgNDM1IDM4NCAyNzkuNCAzODQgMTkyQzM4NCA4NiAyOTggMCAxOTIgMFMwIDg2IDAgMTkyYzAgODcuNCAxMTcgMjQzIDE2OC4zIDMwNy4yYzEyLjMgMTUuMyAzNS4xIDE1LjMgNDcuNCAwek0xOTIgMTI4YTY0IDY0IDAgMSAxIDAgMTI4IDY0IDY0IDAgMSAxIDAtMTI4eiIvPjwvc3ZnPg==\",\"anchor\":{\"x\":20,\"y\":40}}' class=\"stk-block-map__canvas\"><\/div><\/div>\n<\/div><\/div><\/div>\n<\/div><\/div>\n\n\n\n<div class=\"wp-block-stackable-spacer stk-block-spacer stk--no-padding stk-block stk-a21320c\" data-block-id=\"a21320c\"><style>.stk-a21320c {height:150px !important;}<\/style><\/div>\n","protected":false},"excerpt":{"rendered":"<p>Embedded Systems Schleswig-Holstein Schleswig-Holstein verf\u00fcgt \u00fcber eine starke Industrie im Bereich R\u00fcstung, Maschinenbau und Industrieelektronik. Viele Unternehmen entwickeln spezialisierte Produkte mit Mikrocontrollern, Embedded Linux oder FPGA-Systemen \u2013 von industriellen Messger\u00e4ten \u00fcber Steuerungen bis hin zu sicherheitskritischer Elektronik. Embedded Systems aus dem echten Norden PICKPLACE arbeitet seit vielen Jahren mit Unternehmen aus Schleswig-Holstein zusammen und unterst\u00fctzt [&hellip;]<\/p>\n","protected":false},"author":1,"featured_media":0,"parent":0,"menu_order":0,"comment_status":"closed","ping_status":"closed","template":"","meta":{"footnotes":""},"class_list":["post-1421","page","type-page","status-publish","hentry"],"blocksy_meta":{"has_hero_section":"disabled","styles_descriptor":{"styles":{"desktop":"","tablet":"","mobile":""},"google_fonts":[],"version":6}},"_links":{"self":[{"href":"https:\/\/www.pickplace.de\/en\/wp-json\/wp\/v2\/pages\/1421","targetHints":{"allow":["GET"]}}],"collection":[{"href":"https:\/\/www.pickplace.de\/en\/wp-json\/wp\/v2\/pages"}],"about":[{"href":"https:\/\/www.pickplace.de\/en\/wp-json\/wp\/v2\/types\/page"}],"author":[{"embeddable":true,"href":"https:\/\/www.pickplace.de\/en\/wp-json\/wp\/v2\/users\/1"}],"replies":[{"embeddable":true,"href":"https:\/\/www.pickplace.de\/en\/wp-json\/wp\/v2\/comments?post=1421"}],"version-history":[{"count":5,"href":"https:\/\/www.pickplace.de\/en\/wp-json\/wp\/v2\/pages\/1421\/revisions"}],"predecessor-version":[{"id":1492,"href":"https:\/\/www.pickplace.de\/en\/wp-json\/wp\/v2\/pages\/1421\/revisions\/1492"}],"wp:attachment":[{"href":"https:\/\/www.pickplace.de\/en\/wp-json\/wp\/v2\/media?parent=1421"}],"curies":[{"name":"wp","href":"https:\/\/api.w.org\/{rel}","templated":true}]}}